{"id":23963,"date":"2025-06-16T16:15:30","date_gmt":"2025-06-16T14:15:30","guid":{"rendered":"https:\/\/ligurealassio.it\/lavora-con-noi\/"},"modified":"2025-07-26T13:55:18","modified_gmt":"2025-07-26T11:55:18","slug":"arbeite-mit-uns","status":"publish","type":"page","link":"https:\/\/ligurealassio.it\/de\/arbeite-mit-uns\/","title":{"rendered":"Arbeite mit uns"},"content":{"rendered":"\t\t<div data-elementor-type=\"wp-page\" data-elementor-id=\"23963\" class=\"elementor elementor-23963 elementor-22775\">\n\t\t\t\t<div class=\"elementor-element elementor-element-8857b98 e-flex e-con-boxed e-con e-parent\" data-id=\"8857b98\" data-element_type=\"container\" data-e-type=\"container\" data-settings=\"{&quot;hoteller_ext_is_background_parallax&quot;:&quot;false&quot;,&quot;hoteller_ext_is_background_backdrop&quot;:&quot;false&quot;,&quot;hoteller_ext_is_background_on_scroll&quot;:&quot;false&quot;,&quot;hoteller_ext_link_sidemenu&quot;:&quot;false&quot;,&quot;hoteller_ext_link_fullmenu&quot;:&quot;false&quot;,&quot;hoteller_ext_link_closed_fullmenu&quot;:&quot;false&quot;,&quot;hoteller_ext_is_scrollme&quot;:&quot;false&quot;,&quot;hoteller_ext_is_smoove&quot;:&quot;false&quot;,&quot;hoteller_ext_is_parallax_mouse&quot;:&quot;false&quot;,&quot;hoteller_ext_is_infinite&quot;:&quot;false&quot;,&quot;hoteller_ext_is_fadeout_animation&quot;:&quot;false&quot;,&quot;hoteller_ext_mobile_static&quot;:&quot;false&quot;}\">\n\t\t\t\t\t<div class=\"e-con-inner\">\n\t\t\t\t<div class=\"elementor-element elementor-element-e1aa83a elementor-widget elementor-widget-heading\" data-id=\"e1aa83a\" data-element_type=\"widget\" data-e-type=\"widget\" data-settings=\"{&quot;hoteller_ext_link_sidemenu&quot;:&quot;false&quot;,&quot;hoteller_ext_link_fullmenu&quot;:&quot;false&quot;,&quot;hoteller_ext_link_closed_fullmenu&quot;:&quot;false&quot;,&quot;hoteller_ext_is_scrollme&quot;:&quot;false&quot;,&quot;hoteller_ext_is_smoove&quot;:&quot;false&quot;,&quot;hoteller_ext_is_parallax_mouse&quot;:&quot;false&quot;,&quot;hoteller_ext_is_infinite&quot;:&quot;false&quot;,&quot;hoteller_ext_is_fadeout_animation&quot;:&quot;false&quot;,&quot;hoteller_ext_mobile_static&quot;:&quot;false&quot;}\" data-widget_type=\"heading.default\">\n\t\t\t\t<div class=\"elementor-widget-container\">\n\t\t\t\t\t<h1 class=\"elementor-heading-title elementor-size-default\">Arbeite mit uns\n<\/h1>\t\t\t\t<\/div>\n\t\t\t\t<\/div>\n\t\t\t\t\t<\/div>\n\t\t\t\t<\/div>\n\t\t<div class=\"elementor-element elementor-element-1ef23a0 e-flex e-con-boxed e-con e-parent\" data-id=\"1ef23a0\" data-element_type=\"container\" data-e-type=\"container\" data-settings=\"{&quot;hoteller_ext_is_background_parallax&quot;:&quot;false&quot;,&quot;hoteller_ext_is_background_backdrop&quot;:&quot;false&quot;,&quot;hoteller_ext_is_background_on_scroll&quot;:&quot;false&quot;,&quot;hoteller_ext_link_sidemenu&quot;:&quot;false&quot;,&quot;hoteller_ext_link_fullmenu&quot;:&quot;false&quot;,&quot;hoteller_ext_link_closed_fullmenu&quot;:&quot;false&quot;,&quot;hoteller_ext_is_scrollme&quot;:&quot;false&quot;,&quot;hoteller_ext_is_smoove&quot;:&quot;false&quot;,&quot;hoteller_ext_is_parallax_mouse&quot;:&quot;false&quot;,&quot;hoteller_ext_is_infinite&quot;:&quot;false&quot;,&quot;hoteller_ext_is_fadeout_animation&quot;:&quot;false&quot;,&quot;hoteller_ext_mobile_static&quot;:&quot;false&quot;}\">\n\t\t\t\t\t<div class=\"e-con-inner\">\n\t\t\t\t<div class=\"elementor-element elementor-element-ec08cde contatti elementor-widget elementor-widget-hoteller-contact-form\" data-id=\"ec08cde\" data-element_type=\"widget\" data-e-type=\"widget\" data-settings=\"{&quot;hoteller_ext_link_sidemenu&quot;:&quot;false&quot;,&quot;hoteller_ext_link_fullmenu&quot;:&quot;false&quot;,&quot;hoteller_ext_link_closed_fullmenu&quot;:&quot;false&quot;,&quot;hoteller_ext_is_scrollme&quot;:&quot;false&quot;,&quot;hoteller_ext_is_smoove&quot;:&quot;false&quot;,&quot;hoteller_ext_is_parallax_mouse&quot;:&quot;false&quot;,&quot;hoteller_ext_is_infinite&quot;:&quot;false&quot;,&quot;hoteller_ext_is_fadeout_animation&quot;:&quot;false&quot;,&quot;hoteller_ext_mobile_static&quot;:&quot;false&quot;}\" data-widget_type=\"hoteller-contact-form.default\">\n\t\t\t\t<div class=\"elementor-widget-container\">\n\t\t\t\t\t<div class=\"hoteller-contact-form-content-wrapper two_cols\">\n\t\n<div class=\"wpcf7 no-js\" id=\"wpcf7-f26874-o1\" lang=\"it-IT\" dir=\"ltr\" data-wpcf7-id=\"26874\">\n<div class=\"screen-reader-response\"><p role=\"status\" aria-live=\"polite\" aria-atomic=\"true\"><\/p> <ul><\/ul><\/div>\n<form action=\"\/de\/wp-json\/wp\/v2\/pages\/23963#wpcf7-f26874-o1\" method=\"post\" class=\"wpcf7-form init\" aria-label=\"Modulo di contatto\" enctype=\"multipart\/form-data\" novalidate=\"novalidate\" data-status=\"init\">\n<fieldset class=\"hidden-fields-container\"><input type=\"hidden\" name=\"_wpcf7\" value=\"26874\" \/><input type=\"hidden\" name=\"_wpcf7_version\" value=\"6.1.5\" \/><input type=\"hidden\" name=\"_wpcf7_locale\" value=\"it_IT\" \/><input type=\"hidden\" name=\"_wpcf7_unit_tag\" value=\"wpcf7-f26874-o1\" \/><input type=\"hidden\" name=\"_wpcf7_container_post\" value=\"0\" \/><input type=\"hidden\" name=\"_wpcf7_posted_data_hash\" value=\"\" \/><input type=\"hidden\" name=\"_wpcf7_recaptcha_response\" value=\"\" \/>\n<\/fieldset>\n<div class=\"work-with-us\">\n\t<div class=\"duecolonne\">\n\t\t<p><label> Vorname*<br \/>\n<span class=\"wpcf7-form-control-wrap\" data-name=\"first-name\"><input size=\"40\" maxlength=\"400\" class=\"wpcf7-form-control wpcf7-text wpcf7-validates-as-required\" autocomplete=\"name\" aria-required=\"true\" aria-invalid=\"false\" value=\"\" type=\"text\" name=\"first-name\" \/><\/span> <\/label>\n\t\t<\/p>\n\t\t<p><label> Nachname*<br \/>\n<span class=\"wpcf7-form-control-wrap\" data-name=\"last-name\"><input size=\"40\" maxlength=\"400\" class=\"wpcf7-form-control wpcf7-text wpcf7-validates-as-required\" autocomplete=\"name\" aria-required=\"true\" aria-invalid=\"false\" value=\"\" type=\"text\" name=\"last-name\" \/><\/span> <\/label>\n\t\t<\/p>\n\t\t<p><label> E-Mail*<br \/>\n<span class=\"wpcf7-form-control-wrap\" data-name=\"your-email\"><input size=\"40\" maxlength=\"400\" class=\"wpcf7-form-control wpcf7-email wpcf7-validates-as-required wpcf7-text wpcf7-validates-as-email\" autocomplete=\"email\" aria-required=\"true\" aria-invalid=\"false\" value=\"\" type=\"email\" name=\"your-email\" \/><\/span> <\/label>\n\t\t<\/p>\n\t\t<p><label> Telefon*<br \/>\n<span class=\"wpcf7-form-control-wrap\" data-name=\"your-phone\"><input size=\"40\" maxlength=\"400\" class=\"wpcf7-form-control wpcf7-tel wpcf7-validates-as-required wpcf7-text wpcf7-validates-as-tel\" autocomplete=\"tel\" aria-required=\"true\" aria-invalid=\"false\" value=\"\" type=\"tel\" name=\"your-phone\" \/><\/span> <\/label>\n\t\t<\/p>\n\t\t<p><label> Geburtsdatum*<br \/>\n<span class=\"wpcf7-form-control-wrap\" data-name=\"data-di-nascita\"><input class=\"wpcf7-form-control wpcf7-date wpcf7-validates-as-required wpcf7-validates-as-date\" aria-required=\"true\" aria-invalid=\"false\" value=\"\" type=\"date\" name=\"data-di-nascita\" \/><\/span> <\/label>\n\t\t<\/p>\n\t\t<p><label> Branche*<br \/>\n<span class=\"wpcf7-form-control-wrap\" data-name=\"settore\"><select class=\"wpcf7-form-control wpcf7-select wpcf7-validates-as-required\" aria-required=\"true\" aria-invalid=\"false\" name=\"settore\"><option value=\"Speisesaal \/ Bar\">Speisesaal \/ Bar<\/option><option value=\"K\u00fcche\">K\u00fcche<\/option><option value=\"Rezeption\">Rezeption<\/option><option value=\"Wellness\">Wellness<\/option><option value=\"Sonstige\">Sonstige<\/option><\/select><\/span><\/label>\n\t\t<\/p>\n\t<\/div>\n\t<div style=\"clear:both;float:none;\">\n\t<\/div>\n\t<p style=\"width:100%;\"><label> Nachricht*<br \/>\n<span class=\"wpcf7-form-control-wrap\" data-name=\"your-message\"><input size=\"40\" maxlength=\"400\" class=\"wpcf7-form-control wpcf7-text wpcf7-validates-as-required\" aria-required=\"true\" aria-invalid=\"false\" value=\"\" type=\"text\" name=\"your-message\" \/><\/span> <\/label>\n\t<\/p>\n\t<p style=\"width:100%;\"><label> Lebenslauf mit Foto anh\u00e4ngen (Bild, Textdatei oder PDF, max. 10 MB)<br \/>\n<span class=\"wpcf7-form-control-wrap\" data-name=\"cv\"><input size=\"40\" class=\"wpcf7-form-control wpcf7-file wpcf7-validates-as-required\" accept=\"audio\/*,video\/*,image\/*,.txt,application\/pdf\" aria-required=\"true\" aria-invalid=\"false\" type=\"file\" name=\"cv\" \/><\/span> <\/label>\n\t<\/p>\n\t<p style=\"width:100%;margin:0;\"><br \/>\n<span class=\"wpcf7-form-control-wrap\" data-name=\"privacy\"><span class=\"wpcf7-form-control wpcf7-acceptance optional\"><span class=\"wpcf7-list-item\"><label><input type=\"checkbox\" name=\"privacy\" value=\"1\" aria-invalid=\"false\" \/><span class=\"wpcf7-list-item-label\">Ich stimme der Verarbeitung meiner personenbezogenen Daten gem\u00e4\u00df der EU-Verordnung 2016\/679 (DSGVO) zu.<\/span><\/label><\/span><\/span><\/span>\n\t<\/p>\n\t<p><input class=\"wpcf7-form-control wpcf7-submit has-spinner\" type=\"submit\" value=\"Absenden\" \/>\n\t<\/p>\n<\/div><div class=\"wpcf7-response-output\" aria-hidden=\"true\"><\/div>\n<\/form>\n<\/div>\n<\/div>\t\t\t\t<\/div>\n\t\t\t\t<\/div>\n\t\t\t\t\t<\/div>\n\t\t\t\t<\/div>\n\t\t\t\t<\/div>\n\t\t","protected":false},"excerpt":{"rendered":"<p>Arbeite mit uns Vorname* Nachname* E-Mail* Telefon* Geburtsdatum* Branche* Speisesaal \/ BarK\u00fccheRezeptionWellnessSonstige Nachricht* Lebenslauf mit Foto anh\u00e4ngen (Bild, Textdatei oder PDF, max. 10 MB) Ich stimme der Verarbeitung meiner personenbezogenen Daten gem\u00e4\u00df der EU-Verordnung 2016\/679 (DSGVO) zu.<\/p>\n","protected":false},"author":1,"featured_media":0,"parent":0,"menu_order":0,"comment_status":"closed","ping_status":"closed","template":"elementor_header_footer","meta":{"footnotes":""},"class_list":["post-23963","page","type-page","status-publish","hentry"],"yoast_head":"<!-- This site is optimized with the Yoast SEO plugin v27.3 - https:\/\/yoast.com\/product\/yoast-seo-wordpress\/ -->\n<title>Arbeite mit uns - Hotel Ligure<\/title>\n<meta name=\"description\" content=\"Werde Teil unseres Teams und arbeite in einem famili\u00e4ren und inspirierenden Umfeld mit Entwicklungsm\u00f6glichkeiten.\" \/>\n<meta name=\"robots\" content=\"index, follow, max-snippet:-1, max-image-preview:large, max-video-preview:-1\" \/>\n<link rel=\"canonical\" href=\"https:\/\/ligurealassio.it\/de\/arbeite-mit-uns\/\" \/>\n<meta property=\"og:locale\" content=\"de_DE\" \/>\n<meta property=\"og:type\" content=\"article\" \/>\n<meta property=\"og:title\" content=\"Arbeite mit uns - Hotel Ligure\" \/>\n<meta property=\"og:description\" content=\"Werde Teil unseres Teams und arbeite in einem famili\u00e4ren und inspirierenden Umfeld mit Entwicklungsm\u00f6glichkeiten.\" \/>\n<meta property=\"og:url\" content=\"https:\/\/ligurealassio.it\/de\/arbeite-mit-uns\/\" \/>\n<meta property=\"og:site_name\" content=\"Hotel Ligure\" \/>\n<meta property=\"article:publisher\" content=\"https:\/\/www.facebook.com\/people\/Hotel-Ligure-Alassio-\/100063594339291\/#\" \/>\n<meta property=\"article:modified_time\" content=\"2025-07-26T11:55:18+00:00\" \/>\n<meta name=\"twitter:card\" content=\"summary_large_image\" \/>\n<meta name=\"twitter:label1\" content=\"Gesch\u00e4tzte Lesezeit\" \/>\n\t<meta name=\"twitter:data1\" content=\"1\u00a0Minute\" \/>\n<script type=\"application\/ld+json\" class=\"yoast-schema-graph\">{\"@context\":\"https:\\\/\\\/schema.org\",\"@graph\":[{\"@type\":\"WebPage\",\"@id\":\"https:\\\/\\\/ligurealassio.it\\\/de\\\/arbeite-mit-uns\\\/\",\"url\":\"https:\\\/\\\/ligurealassio.it\\\/de\\\/arbeite-mit-uns\\\/\",\"name\":\"Arbeite mit uns - Hotel Ligure\",\"isPartOf\":{\"@id\":\"https:\\\/\\\/ligurealassio.it\\\/de\\\/#website\"},\"datePublished\":\"2025-06-16T14:15:30+00:00\",\"dateModified\":\"2025-07-26T11:55:18+00:00\",\"description\":\"Werde Teil unseres Teams und arbeite in einem famili\u00e4ren und inspirierenden Umfeld mit Entwicklungsm\u00f6glichkeiten.\",\"breadcrumb\":{\"@id\":\"https:\\\/\\\/ligurealassio.it\\\/de\\\/arbeite-mit-uns\\\/#breadcrumb\"},\"inLanguage\":\"de\",\"potentialAction\":[{\"@type\":\"ReadAction\",\"target\":[\"https:\\\/\\\/ligurealassio.it\\\/de\\\/arbeite-mit-uns\\\/\"]}]},{\"@type\":\"BreadcrumbList\",\"@id\":\"https:\\\/\\\/ligurealassio.it\\\/de\\\/arbeite-mit-uns\\\/#breadcrumb\",\"itemListElement\":[{\"@type\":\"ListItem\",\"position\":1,\"name\":\"Home\",\"item\":\"https:\\\/\\\/ligurealassio.it\\\/de\\\/\"},{\"@type\":\"ListItem\",\"position\":2,\"name\":\"Arbeite mit uns\"}]},{\"@type\":\"WebSite\",\"@id\":\"https:\\\/\\\/ligurealassio.it\\\/de\\\/#website\",\"url\":\"https:\\\/\\\/ligurealassio.it\\\/de\\\/\",\"name\":\"Hotel Ligure\",\"description\":\"\",\"publisher\":{\"@id\":\"https:\\\/\\\/ligurealassio.it\\\/de\\\/#organization\"},\"potentialAction\":[{\"@type\":\"SearchAction\",\"target\":{\"@type\":\"EntryPoint\",\"urlTemplate\":\"https:\\\/\\\/ligurealassio.it\\\/de\\\/?s={search_term_string}\"},\"query-input\":{\"@type\":\"PropertyValueSpecification\",\"valueRequired\":true,\"valueName\":\"search_term_string\"}}],\"inLanguage\":\"de\"},{\"@type\":\"Organization\",\"@id\":\"https:\\\/\\\/ligurealassio.it\\\/de\\\/#organization\",\"name\":\"Hotel Ligure\",\"url\":\"https:\\\/\\\/ligurealassio.it\\\/de\\\/\",\"logo\":{\"@type\":\"ImageObject\",\"inLanguage\":\"de\",\"@id\":\"https:\\\/\\\/ligurealassio.it\\\/de\\\/#\\\/schema\\\/logo\\\/image\\\/\",\"url\":\"\",\"contentUrl\":\"\",\"caption\":\"Hotel Ligure\"},\"image\":{\"@id\":\"https:\\\/\\\/ligurealassio.it\\\/de\\\/#\\\/schema\\\/logo\\\/image\\\/\"},\"sameAs\":[\"https:\\\/\\\/www.facebook.com\\\/people\\\/Hotel-Ligure-Alassio-\\\/100063594339291\\\/#\",\"https:\\\/\\\/www.instagram.com\\\/hotel_ligure_alassio\\\/\",\"https:\\\/\\\/it.pinterest.com\\\/ligurealassio\\\/\"]}]}<\/script>\n<!-- \/ Yoast SEO plugin. -->","yoast_head_json":{"title":"Arbeite mit uns - Hotel Ligure","description":"Werde Teil unseres Teams und arbeite in einem famili\u00e4ren und inspirierenden Umfeld mit Entwicklungsm\u00f6glichkeiten.","robots":{"index":"index","follow":"follow","max-snippet":"max-snippet:-1","max-image-preview":"max-image-preview:large","max-video-preview":"max-video-preview:-1"},"canonical":"https:\/\/ligurealassio.it\/de\/arbeite-mit-uns\/","og_locale":"de_DE","og_type":"article","og_title":"Arbeite mit uns - Hotel Ligure","og_description":"Werde Teil unseres Teams und arbeite in einem famili\u00e4ren und inspirierenden Umfeld mit Entwicklungsm\u00f6glichkeiten.","og_url":"https:\/\/ligurealassio.it\/de\/arbeite-mit-uns\/","og_site_name":"Hotel Ligure","article_publisher":"https:\/\/www.facebook.com\/people\/Hotel-Ligure-Alassio-\/100063594339291\/#","article_modified_time":"2025-07-26T11:55:18+00:00","twitter_card":"summary_large_image","twitter_misc":{"Gesch\u00e4tzte Lesezeit":"1\u00a0Minute"},"schema":{"@context":"https:\/\/schema.org","@graph":[{"@type":"WebPage","@id":"https:\/\/ligurealassio.it\/de\/arbeite-mit-uns\/","url":"https:\/\/ligurealassio.it\/de\/arbeite-mit-uns\/","name":"Arbeite mit uns - Hotel Ligure","isPartOf":{"@id":"https:\/\/ligurealassio.it\/de\/#website"},"datePublished":"2025-06-16T14:15:30+00:00","dateModified":"2025-07-26T11:55:18+00:00","description":"Werde Teil unseres Teams und arbeite in einem famili\u00e4ren und inspirierenden Umfeld mit Entwicklungsm\u00f6glichkeiten.","breadcrumb":{"@id":"https:\/\/ligurealassio.it\/de\/arbeite-mit-uns\/#breadcrumb"},"inLanguage":"de","potentialAction":[{"@type":"ReadAction","target":["https:\/\/ligurealassio.it\/de\/arbeite-mit-uns\/"]}]},{"@type":"BreadcrumbList","@id":"https:\/\/ligurealassio.it\/de\/arbeite-mit-uns\/#breadcrumb","itemListElement":[{"@type":"ListItem","position":1,"name":"Home","item":"https:\/\/ligurealassio.it\/de\/"},{"@type":"ListItem","position":2,"name":"Arbeite mit uns"}]},{"@type":"WebSite","@id":"https:\/\/ligurealassio.it\/de\/#website","url":"https:\/\/ligurealassio.it\/de\/","name":"Hotel Ligure","description":"","publisher":{"@id":"https:\/\/ligurealassio.it\/de\/#organization"},"potentialAction":[{"@type":"SearchAction","target":{"@type":"EntryPoint","urlTemplate":"https:\/\/ligurealassio.it\/de\/?s={search_term_string}"},"query-input":{"@type":"PropertyValueSpecification","valueRequired":true,"valueName":"search_term_string"}}],"inLanguage":"de"},{"@type":"Organization","@id":"https:\/\/ligurealassio.it\/de\/#organization","name":"Hotel Ligure","url":"https:\/\/ligurealassio.it\/de\/","logo":{"@type":"ImageObject","inLanguage":"de","@id":"https:\/\/ligurealassio.it\/de\/#\/schema\/logo\/image\/","url":"","contentUrl":"","caption":"Hotel Ligure"},"image":{"@id":"https:\/\/ligurealassio.it\/de\/#\/schema\/logo\/image\/"},"sameAs":["https:\/\/www.facebook.com\/people\/Hotel-Ligure-Alassio-\/100063594339291\/#","https:\/\/www.instagram.com\/hotel_ligure_alassio\/","https:\/\/it.pinterest.com\/ligurealassio\/"]}]}},"_links":{"self":[{"href":"https:\/\/ligurealassio.it\/de\/wp-json\/wp\/v2\/pages\/23963","targetHints":{"allow":["GET"]}}],"collection":[{"href":"https:\/\/ligurealassio.it\/de\/wp-json\/wp\/v2\/pages"}],"about":[{"href":"https:\/\/ligurealassio.it\/de\/wp-json\/wp\/v2\/types\/page"}],"author":[{"embeddable":true,"href":"https:\/\/ligurealassio.it\/de\/wp-json\/wp\/v2\/users\/1"}],"replies":[{"embeddable":true,"href":"https:\/\/ligurealassio.it\/de\/wp-json\/wp\/v2\/comments?post=23963"}],"version-history":[{"count":15,"href":"https:\/\/ligurealassio.it\/de\/wp-json\/wp\/v2\/pages\/23963\/revisions"}],"predecessor-version":[{"id":27211,"href":"https:\/\/ligurealassio.it\/de\/wp-json\/wp\/v2\/pages\/23963\/revisions\/27211"}],"wp:attachment":[{"href":"https:\/\/ligurealassio.it\/de\/wp-json\/wp\/v2\/media?parent=23963"}],"curies":[{"name":"wp","href":"https:\/\/api.w.org\/{rel}","templated":true}]}}