{"id":23972,"date":"2025-05-22T08:00:31","date_gmt":"2025-05-22T06:00:31","guid":{"rendered":"https:\/\/ligurealassio.it\/clausole-e-condizioni\/"},"modified":"2025-07-29T15:46:26","modified_gmt":"2025-07-29T13:46:26","slug":"allgemeine-geschaeftsbedingungen","status":"publish","type":"page","link":"https:\/\/ligurealassio.it\/de\/allgemeine-geschaeftsbedingungen\/","title":{"rendered":"Allgemeine Gesch\u00e4ftsbedingungen"},"content":{"rendered":"<h1><strong>N\u00fctzliche Informationen<\/strong><\/h1>\n<p><strong>Vom ersten Klick bis zum letzten L\u00e4cheln vor der Abreise:<\/strong> Alles, was Sie wissen m\u00fcssen.<\/p>\n<p>&nbsp;<\/p>\n<h3><strong><br \/>\nWie Sie das Hotel Ligure erreichen<\/strong><\/h3>\n<p>Das Hotel Ligure befindet sich in einer Fu\u00dfg\u00e4ngerzone \u2013 ist aber trotzdem bequem erreichbar.<\/p>\n<p><strong>Option 1:<\/strong>\u00a0Gib <strong>Via Cavour 1<\/strong> in dein Navigationsger\u00e4t ein. Nach deiner Ankunft fahre noch etwa 100 Meter weiter bis zum Hotel an der Promenade.<\/p>\n<p><img fetchpriority=\"high\" decoding=\"async\" class=\"alignnone size-medium wp-image-26599\" title=\"viabilita' da via cavour\" src=\"https:\/\/ligurealassio.it\/wp-content\/uploads\/2025\/07\/viabilita-da-via-cavour-300x171.jpg\" alt=\"\" width=\"300\" height=\"171\" srcset=\"https:\/\/ligurealassio.it\/wp-content\/uploads\/2025\/07\/viabilita-da-via-cavour-300x171.jpg 300w, https:\/\/ligurealassio.it\/wp-content\/uploads\/2025\/07\/viabilita-da-via-cavour-1024x585.jpg 1024w, https:\/\/ligurealassio.it\/wp-content\/uploads\/2025\/07\/viabilita-da-via-cavour-768x439.jpg 768w, https:\/\/ligurealassio.it\/wp-content\/uploads\/2025\/07\/viabilita-da-via-cavour-440x251.jpg 440w, https:\/\/ligurealassio.it\/wp-content\/uploads\/2025\/07\/viabilita-da-via-cavour.jpg 1050w\" sizes=\"(max-width: 300px) 100vw, 300px\" \/><\/p>\n<p><strong>Option 2:<\/strong> G Alternativ kannst du dein Navigationsger\u00e4t auf <em>Corso Dante Alighieri 202<\/em> einstellen, wo sich unser Bereich zum Be- und Entladen befindet. Nach dem Parken gehst du entlang der <em>Via Milite Ignoto<\/em>, direkt neben dem Parkplatz, und l\u00e4ufst etwa 50 Meter.<\/p>\n<p><img decoding=\"async\" class=\"alignnone size-medium wp-image-26603\" title=\"viabilita' da via CORSO DANTE\" src=\"https:\/\/ligurealassio.it\/wp-content\/uploads\/2025\/07\/viabilita-da-via-CORSO-DANTE-300x171.jpg\" alt=\"\" width=\"300\" height=\"171\" srcset=\"https:\/\/ligurealassio.it\/wp-content\/uploads\/2025\/07\/viabilita-da-via-CORSO-DANTE-300x171.jpg 300w, https:\/\/ligurealassio.it\/wp-content\/uploads\/2025\/07\/viabilita-da-via-CORSO-DANTE-1024x585.jpg 1024w, https:\/\/ligurealassio.it\/wp-content\/uploads\/2025\/07\/viabilita-da-via-CORSO-DANTE-768x439.jpg 768w, https:\/\/ligurealassio.it\/wp-content\/uploads\/2025\/07\/viabilita-da-via-CORSO-DANTE-440x251.jpg 440w, https:\/\/ligurealassio.it\/wp-content\/uploads\/2025\/07\/viabilita-da-via-CORSO-DANTE.jpg 1050w\" sizes=\"(max-width: 300px) 100vw, 300px\" \/><\/p>\n<h3><strong>Check-in und Check-out<\/strong><\/h3>\n<p>Die Zimmer und die Garage stehen am Anreisetag ab 15:00 Uhr bis zum Abreisetag um 11:00 Uhr zur Verf\u00fcgung.<br \/>\nKommst du fr\u00fcher an oder gehst sp\u00e4ter? Kein Problem, wir bewahren dein Gep\u00e4ck f\u00fcr dich auf.<\/p>\n<h3><strong>Sp\u00e4ter Check-out<\/strong><\/h3>\n<p>Wenn verf\u00fcgbar, kannst du einen Late Check-out gegen einen kleinen Aufpreis beantragen, der prozentual zum Tagespreis berechnet wird.<\/p>\n<h3><strong>\u00d6ffnungszeiten des Restaurants<\/strong><\/h3>\n<ul>\n<li style=\"font-weight: 400;\" aria-level=\"1\">Fr\u00fchst\u00fcck: 08:00 \u2013 10:15 Uhr<\/li>\n<li style=\"font-weight: 400;\" aria-level=\"1\">Mittagessen: 13:00 \u2013 14:00 Uhr<\/li>\n<li style=\"font-weight: 400;\" aria-level=\"1\">Abendessen: 19:30 \u2013 20:45 Uhr<\/li>\n<\/ul>\n<p>F\u00fcr das Abendessen ist elegante Kleidung erw\u00fcnscht (lange Hosen f\u00fcr Herren).<\/p>\n<h3><strong>Halb- und Vollpension<\/strong><\/h3>\n<p>G\u00fcltig f\u00fcr Aufenthalte von mindestens 4 N\u00e4chten pro Woche.<br \/>\nF\u00fcr gelegentliche Mittag- oder Abendessen steht unser Ligure Blue Restaurant jederzeit ge\u00f6ffnet<\/p>\n<h3><strong>Erm\u00e4\u00dfigungen und Zuschl\u00e4ge<\/strong><\/h3>\n<ul>\n<li>Erwachsene\/Kinder (13+): 10 % auf das 3.\/4. Bett<\/li>\n<li>Kinder mit 2 Erwachsenen:\n<ul>\n<li>12 Monate \u2013 2 Jahre: 50 %<\/li>\n<li>3 \u2013 6 Jahre: 40 %<\/li>\n<li>7 \u2013 12 Jahre: 30 %<\/li>\n<\/ul>\n<\/li>\n<li>Babys: \u00dcbernachtung ohne Verpflegung (\u20ac30\u201350\/Tag)<\/li>\n<li>Einzelzimmer: +40\u201370 %<\/li>\n<li>Zustellbetten: Erm\u00e4\u00dfigungen ab 3 N\u00e4chten verf\u00fcgbar<\/li>\n<li>Personenwechsel w\u00e4hrend des Aufenthalts: mind. 2 aufeinanderfolgende N\u00e4chte<\/li>\n<\/ul>\n<h3><strong>Haustiere<\/strong><\/h3>\n<p>Kleine Haustiere (bis 8 kg) sind willkommen, gegen einen Aufpreis von 28 \u20ac pro Tag.<br \/>\nUm den Komfort aller G\u00e4ste zu gew\u00e4hrleisten, sind Tiere im Speisesaal, im SPA und am Strand nicht erlaubt.<\/p>\n<h3><strong>Buchung und Best\u00e4tigung<\/strong><\/h3>\n<p>Eine Anzahlung wird bei der Buchung vereinbart.<br \/>\nBei Last-Minute-Buchungen bitten wir dich, den Aufenthalt per Kreditkarte vorzuauthorisieren oder zu belasten.<\/p>\n<h3><strong>Was passiert bei einer Stornierung?<\/strong><\/h3>\n<p><strong>Standard-Stornierungs-\/\u00c4nderungsbedingungen \u2013 g\u00fcltig vom 10.09. bis 31.05.<\/strong><\/p>\n<p>F\u00fcr Stornierungen oder Buchungs\u00e4nderungen, die schriftlich <strong>vor 14:00 Uhr<\/strong> eingehen:<\/p>\n<ul>\n<li>Bis zu 8 Tage vor Anreise: keine Stornogeb\u00fchr<\/li>\n<li>7 bis 5 Tage vor Anreise: 35\u202f% des gebuchten Aufenthalts werden berechnet<\/li>\n<li>4 bis 3 Tage vor Anreise: 60\u202f% des gebuchten Aufenthalts werden berechnet<\/li>\n<li>Ab 2 Tagen vor Anreise: 80\u202f% des gebuchten Aufenthalts werden berechnet<\/li>\n<li>Nichterscheinen ohne Mitteilung bis 14:00 Uhr am Vortag der Anreise: 100\u202f% des gebuchten Aufenthalts werden berechnet<\/li>\n<\/ul>\n<p><strong>Standard-Stornierungs-\/\u00c4nderungsbedingungen \u2013 g\u00fcltig vom 01.06. bis 09.09.<\/strong><\/p>\n<p>F\u00fcr Stornierungen oder Buchungs\u00e4nderungen, die schriftlich <strong>vor 14:00 Uhr<\/strong> eingehen:<\/p>\n<ul>\n<li>Bis zu 15 Tage vor Anreise: keine Stornogeb\u00fchr<\/li>\n<li>14 bis 10 Tage vor Anreise: 35\u202f% des gebuchten Aufenthalts werden berechnet<\/li>\n<li>9 bis 5 Tage vor Anreise: 50\u202f% des gebuchten Aufenthalts werden berechnet<\/li>\n<li>4 bis 3 Tage vor Anreise: 60\u202f% des gebuchten Aufenthalts werden berechnet<\/li>\n<li>Ab 2 Tagen vor Anreise: 80\u202f% des gebuchten Aufenthalts werden berechnet<\/li>\n<li>Nichterscheinen ohne Mitteilung bis 14:00 Uhr am Vortag der Anreise: 100\u202f% des gebuchten Aufenthalts werden berechnet<\/li>\n<\/ul>\n<p>Alle Bedingungen gelten auch f\u00fcr Garage und Strandservice.<\/p>\n<p><em>F\u00fcr nicht r\u00fcckzahlbare Tarife, Early Booking oder Offerte gelten besondere Bedingungen.<\/em><\/p>\n<h3><strong>Bike-Liebhaber<\/strong><\/h3>\n<p>Wir haben einen Bereich, in dem du dein Fahrrad sicher abstellen kannst.<\/p>\n<h3><b>WLAN<\/b><\/h3>\n<p>Kostenlos im Zimmer und in den \u00f6ffentlichen Bereichen.<\/p>\n<h3><strong>Partner-Strandservice<\/strong><\/h3>\n<p>Sonnenschirm und Liegest\u00fchle sind auf Reservierung garantiert.<br \/>\nDas Hotel stellt dir das Strandtuch, mit t\u00e4glichem Wechsel.<\/p>\n<h3><strong>Garage<\/strong><\/h3>\n<p>250 m vom Hotel entfernt, geschlo\u00dfene Tiefgarage, nicht bewacht. Garantierter Service nach Reservierung.<br \/>\nDu hast ein Elektroauto? Wir organisieren die Aufladung nach Terminvereinbarung.<\/p>\n<h3><strong>Parkservice<\/strong><\/h3>\n<p>M\u00f6chtest du sorgenfrei ankommen? F\u00fcr einen kleinen Aufpreis von 20 \u20ac k\u00fcmmern wir uns um dein Auto und bringen es dir zur\u00fcck, wenn du abreisen m\u00f6chtest.<br \/>\nDer Service ist von 9:30 bis 19:00 Uhr verf\u00fcgbar. Eine Reservierung am Abreisetag, mindestens eine Stunde vorher, wird empfohlen.<\/p>\n<h3><strong>Solaria Sinnesweg<\/strong><\/h3>\n<p>60 Minuten pure Entspannung. Pr\u00fcfe, ob im Tarif enthalten, oder frage an der Rezeption nach.<\/p>\n<h3><strong>Stornierung von SPA-Behandlungen<\/strong><\/h3>\n<p>\u00c4nderungen oder Stornierungen mindestens 24 Stunden vor dem Termin, um Geb\u00fchren zu vermeiden.<\/p>\n<h3><strong>Bazahlm\u00f6glichkeiten<\/strong><\/h3>\n<ul>\n<li style=\"font-weight: 400;\" aria-level=\"1\">Barzahlung: Zahlung bei Ankunft, Betrag gem\u00e4\u00df geltender Vorschriften<\/li>\n<li style=\"font-weight: 400;\" aria-level=\"1\">Kredit-\/Debitkarten: Vorautorisierung oder Belastung<\/li>\n<li style=\"font-weight: 400;\" aria-level=\"1\">\u00dcberweisung: mindestens 3 Werktage vor Abreise<\/li>\n<li style=\"font-weight: 400;\" aria-level=\"1\">Schecks: nicht akzeptiert<\/li>\n<\/ul>\n<h3><strong>MwSt. und Kurtaxe<\/strong><\/h3>\n<ul>\n<li style=\"font-weight: 400;\" aria-level=\"1\">MwSt. 10 % inklusive<\/li>\n<li style=\"font-weight: 400;\" aria-level=\"1\">Kurtaxe: 2,00 \u20ac pro Tag und Person (ab 12 Jahren, max. 5 Tage \u2013 vom 1. April bis 31. Oktober)<\/li>\n<\/ul>\n<h3><strong>Buchungen und Angebote<\/strong><\/h3>\n<p>F\u00fcr aktuelle Preise und personalisierte Angebote nutze unseren Online-Buchungsbereich oder kontaktiere uns: unser Reservierungsb\u00fcro ist t\u00e4glich von 8:00 bis 21:00 Uhr f\u00fcr dich da.<br \/>\nWir helfen dir gerne, jeden Detail deines Urlaubs zu planen.<\/p>\n","protected":false},"excerpt":{"rendered":"<p>N\u00fctzliche Informationen Vom ersten Klick bis zum letzten L\u00e4cheln vor der Abreise: Alles, was Sie wissen m\u00fcssen. &nbsp; Wie Sie das Hotel Ligure erreichen Das Hotel Ligure befindet sich in einer Fu\u00dfg\u00e4ngerzone \u2013 ist aber trotzdem bequem erreichbar. Option 1:\u00a0Gib [&hellip;]<\/p>\n","protected":false},"author":1,"featured_media":0,"parent":0,"menu_order":0,"comment_status":"closed","ping_status":"closed","template":"","meta":{"footnotes":""},"class_list":["post-23972","page","type-page","status-publish","hentry"],"yoast_head":"<!-- This site is optimized with the Yoast SEO plugin v27.3 - https:\/\/yoast.com\/product\/yoast-seo-wordpress\/ -->\n<title>Allgemeine Gesch\u00e4ftsbedingungen - Hotel Ligure<\/title>\n<meta name=\"description\" content=\"Bedingungen und Konditionen f\u00fcr Ihren Urlaub: Restaurant, SPA, Stornierungen und viele weitere Details f\u00fcr eine perfekte Organisation.\" \/>\n<meta name=\"robots\" content=\"index, follow, max-snippet:-1, max-image-preview:large, max-video-preview:-1\" \/>\n<link rel=\"canonical\" href=\"https:\/\/ligurealassio.it\/de\/allgemeine-geschaeftsbedingungen\/\" \/>\n<meta property=\"og:locale\" content=\"de_DE\" \/>\n<meta property=\"og:type\" content=\"article\" \/>\n<meta property=\"og:title\" content=\"Allgemeine Gesch\u00e4ftsbedingungen - Hotel Ligure\" \/>\n<meta property=\"og:description\" content=\"Bedingungen und Konditionen f\u00fcr Ihren Urlaub: Restaurant, SPA, Stornierungen und viele weitere Details f\u00fcr eine perfekte Organisation.\" \/>\n<meta property=\"og:url\" content=\"https:\/\/ligurealassio.it\/de\/allgemeine-geschaeftsbedingungen\/\" \/>\n<meta property=\"og:site_name\" content=\"Hotel Ligure\" \/>\n<meta property=\"article:publisher\" content=\"https:\/\/www.facebook.com\/people\/Hotel-Ligure-Alassio-\/100063594339291\/#\" \/>\n<meta property=\"article:modified_time\" content=\"2025-07-29T13:46:26+00:00\" \/>\n<meta property=\"og:image\" content=\"https:\/\/ligurealassio.it\/wp-content\/uploads\/2025\/07\/viabilita-da-via-cavour.jpg\" \/>\n\t<meta property=\"og:image:width\" content=\"1050\" \/>\n\t<meta property=\"og:image:height\" content=\"600\" \/>\n\t<meta property=\"og:image:type\" content=\"image\/jpeg\" \/>\n<meta name=\"twitter:card\" content=\"summary_large_image\" \/>\n<meta name=\"twitter:label1\" content=\"Gesch\u00e4tzte Lesezeit\" \/>\n\t<meta name=\"twitter:data1\" content=\"5\u00a0Minuten\" \/>\n<script type=\"application\/ld+json\" class=\"yoast-schema-graph\">{\"@context\":\"https:\\\/\\\/schema.org\",\"@graph\":[{\"@type\":\"WebPage\",\"@id\":\"https:\\\/\\\/ligurealassio.it\\\/de\\\/allgemeine-geschaeftsbedingungen\\\/\",\"url\":\"https:\\\/\\\/ligurealassio.it\\\/de\\\/allgemeine-geschaeftsbedingungen\\\/\",\"name\":\"Allgemeine Gesch\u00e4ftsbedingungen - Hotel Ligure\",\"isPartOf\":{\"@id\":\"https:\\\/\\\/ligurealassio.it\\\/de\\\/#website\"},\"primaryImageOfPage\":{\"@id\":\"https:\\\/\\\/ligurealassio.it\\\/de\\\/allgemeine-geschaeftsbedingungen\\\/#primaryimage\"},\"image\":{\"@id\":\"https:\\\/\\\/ligurealassio.it\\\/de\\\/allgemeine-geschaeftsbedingungen\\\/#primaryimage\"},\"thumbnailUrl\":\"https:\\\/\\\/ligurealassio.it\\\/wp-content\\\/uploads\\\/2025\\\/07\\\/viabilita-da-via-cavour-300x171.jpg\",\"datePublished\":\"2025-05-22T06:00:31+00:00\",\"dateModified\":\"2025-07-29T13:46:26+00:00\",\"description\":\"Bedingungen und Konditionen f\u00fcr Ihren Urlaub: Restaurant, SPA, Stornierungen und viele weitere Details f\u00fcr eine perfekte Organisation.\",\"breadcrumb\":{\"@id\":\"https:\\\/\\\/ligurealassio.it\\\/de\\\/allgemeine-geschaeftsbedingungen\\\/#breadcrumb\"},\"inLanguage\":\"de\",\"potentialAction\":[{\"@type\":\"ReadAction\",\"target\":[\"https:\\\/\\\/ligurealassio.it\\\/de\\\/allgemeine-geschaeftsbedingungen\\\/\"]}]},{\"@type\":\"ImageObject\",\"inLanguage\":\"de\",\"@id\":\"https:\\\/\\\/ligurealassio.it\\\/de\\\/allgemeine-geschaeftsbedingungen\\\/#primaryimage\",\"url\":\"https:\\\/\\\/ligurealassio.it\\\/wp-content\\\/uploads\\\/2025\\\/07\\\/viabilita-da-via-cavour-300x171.jpg\",\"contentUrl\":\"https:\\\/\\\/ligurealassio.it\\\/wp-content\\\/uploads\\\/2025\\\/07\\\/viabilita-da-via-cavour-300x171.jpg\"},{\"@type\":\"BreadcrumbList\",\"@id\":\"https:\\\/\\\/ligurealassio.it\\\/de\\\/allgemeine-geschaeftsbedingungen\\\/#breadcrumb\",\"itemListElement\":[{\"@type\":\"ListItem\",\"position\":1,\"name\":\"Home\",\"item\":\"https:\\\/\\\/ligurealassio.it\\\/de\\\/\"},{\"@type\":\"ListItem\",\"position\":2,\"name\":\"Allgemeine Gesch\u00e4ftsbedingungen\"}]},{\"@type\":\"WebSite\",\"@id\":\"https:\\\/\\\/ligurealassio.it\\\/de\\\/#website\",\"url\":\"https:\\\/\\\/ligurealassio.it\\\/de\\\/\",\"name\":\"Hotel Ligure\",\"description\":\"\",\"publisher\":{\"@id\":\"https:\\\/\\\/ligurealassio.it\\\/de\\\/#organization\"},\"potentialAction\":[{\"@type\":\"SearchAction\",\"target\":{\"@type\":\"EntryPoint\",\"urlTemplate\":\"https:\\\/\\\/ligurealassio.it\\\/de\\\/?s={search_term_string}\"},\"query-input\":{\"@type\":\"PropertyValueSpecification\",\"valueRequired\":true,\"valueName\":\"search_term_string\"}}],\"inLanguage\":\"de\"},{\"@type\":\"Organization\",\"@id\":\"https:\\\/\\\/ligurealassio.it\\\/de\\\/#organization\",\"name\":\"Hotel Ligure\",\"url\":\"https:\\\/\\\/ligurealassio.it\\\/de\\\/\",\"logo\":{\"@type\":\"ImageObject\",\"inLanguage\":\"de\",\"@id\":\"https:\\\/\\\/ligurealassio.it\\\/de\\\/#\\\/schema\\\/logo\\\/image\\\/\",\"url\":\"\",\"contentUrl\":\"\",\"caption\":\"Hotel Ligure\"},\"image\":{\"@id\":\"https:\\\/\\\/ligurealassio.it\\\/de\\\/#\\\/schema\\\/logo\\\/image\\\/\"},\"sameAs\":[\"https:\\\/\\\/www.facebook.com\\\/people\\\/Hotel-Ligure-Alassio-\\\/100063594339291\\\/#\",\"https:\\\/\\\/www.instagram.com\\\/hotel_ligure_alassio\\\/\",\"https:\\\/\\\/it.pinterest.com\\\/ligurealassio\\\/\"]}]}<\/script>\n<!-- \/ Yoast SEO plugin. -->","yoast_head_json":{"title":"Allgemeine Gesch\u00e4ftsbedingungen - Hotel Ligure","description":"Bedingungen und Konditionen f\u00fcr Ihren Urlaub: Restaurant, SPA, Stornierungen und viele weitere Details f\u00fcr eine perfekte Organisation.","robots":{"index":"index","follow":"follow","max-snippet":"max-snippet:-1","max-image-preview":"max-image-preview:large","max-video-preview":"max-video-preview:-1"},"canonical":"https:\/\/ligurealassio.it\/de\/allgemeine-geschaeftsbedingungen\/","og_locale":"de_DE","og_type":"article","og_title":"Allgemeine Gesch\u00e4ftsbedingungen - Hotel Ligure","og_description":"Bedingungen und Konditionen f\u00fcr Ihren Urlaub: Restaurant, SPA, Stornierungen und viele weitere Details f\u00fcr eine perfekte Organisation.","og_url":"https:\/\/ligurealassio.it\/de\/allgemeine-geschaeftsbedingungen\/","og_site_name":"Hotel Ligure","article_publisher":"https:\/\/www.facebook.com\/people\/Hotel-Ligure-Alassio-\/100063594339291\/#","article_modified_time":"2025-07-29T13:46:26+00:00","og_image":[{"width":1050,"height":600,"url":"https:\/\/ligurealassio.it\/wp-content\/uploads\/2025\/07\/viabilita-da-via-cavour.jpg","type":"image\/jpeg"}],"twitter_card":"summary_large_image","twitter_misc":{"Gesch\u00e4tzte Lesezeit":"5\u00a0Minuten"},"schema":{"@context":"https:\/\/schema.org","@graph":[{"@type":"WebPage","@id":"https:\/\/ligurealassio.it\/de\/allgemeine-geschaeftsbedingungen\/","url":"https:\/\/ligurealassio.it\/de\/allgemeine-geschaeftsbedingungen\/","name":"Allgemeine Gesch\u00e4ftsbedingungen - Hotel Ligure","isPartOf":{"@id":"https:\/\/ligurealassio.it\/de\/#website"},"primaryImageOfPage":{"@id":"https:\/\/ligurealassio.it\/de\/allgemeine-geschaeftsbedingungen\/#primaryimage"},"image":{"@id":"https:\/\/ligurealassio.it\/de\/allgemeine-geschaeftsbedingungen\/#primaryimage"},"thumbnailUrl":"https:\/\/ligurealassio.it\/wp-content\/uploads\/2025\/07\/viabilita-da-via-cavour-300x171.jpg","datePublished":"2025-05-22T06:00:31+00:00","dateModified":"2025-07-29T13:46:26+00:00","description":"Bedingungen und Konditionen f\u00fcr Ihren Urlaub: Restaurant, SPA, Stornierungen und viele weitere Details f\u00fcr eine perfekte Organisation.","breadcrumb":{"@id":"https:\/\/ligurealassio.it\/de\/allgemeine-geschaeftsbedingungen\/#breadcrumb"},"inLanguage":"de","potentialAction":[{"@type":"ReadAction","target":["https:\/\/ligurealassio.it\/de\/allgemeine-geschaeftsbedingungen\/"]}]},{"@type":"ImageObject","inLanguage":"de","@id":"https:\/\/ligurealassio.it\/de\/allgemeine-geschaeftsbedingungen\/#primaryimage","url":"https:\/\/ligurealassio.it\/wp-content\/uploads\/2025\/07\/viabilita-da-via-cavour-300x171.jpg","contentUrl":"https:\/\/ligurealassio.it\/wp-content\/uploads\/2025\/07\/viabilita-da-via-cavour-300x171.jpg"},{"@type":"BreadcrumbList","@id":"https:\/\/ligurealassio.it\/de\/allgemeine-geschaeftsbedingungen\/#breadcrumb","itemListElement":[{"@type":"ListItem","position":1,"name":"Home","item":"https:\/\/ligurealassio.it\/de\/"},{"@type":"ListItem","position":2,"name":"Allgemeine Gesch\u00e4ftsbedingungen"}]},{"@type":"WebSite","@id":"https:\/\/ligurealassio.it\/de\/#website","url":"https:\/\/ligurealassio.it\/de\/","name":"Hotel Ligure","description":"","publisher":{"@id":"https:\/\/ligurealassio.it\/de\/#organization"},"potentialAction":[{"@type":"SearchAction","target":{"@type":"EntryPoint","urlTemplate":"https:\/\/ligurealassio.it\/de\/?s={search_term_string}"},"query-input":{"@type":"PropertyValueSpecification","valueRequired":true,"valueName":"search_term_string"}}],"inLanguage":"de"},{"@type":"Organization","@id":"https:\/\/ligurealassio.it\/de\/#organization","name":"Hotel Ligure","url":"https:\/\/ligurealassio.it\/de\/","logo":{"@type":"ImageObject","inLanguage":"de","@id":"https:\/\/ligurealassio.it\/de\/#\/schema\/logo\/image\/","url":"","contentUrl":"","caption":"Hotel Ligure"},"image":{"@id":"https:\/\/ligurealassio.it\/de\/#\/schema\/logo\/image\/"},"sameAs":["https:\/\/www.facebook.com\/people\/Hotel-Ligure-Alassio-\/100063594339291\/#","https:\/\/www.instagram.com\/hotel_ligure_alassio\/","https:\/\/it.pinterest.com\/ligurealassio\/"]}]}},"_links":{"self":[{"href":"https:\/\/ligurealassio.it\/de\/wp-json\/wp\/v2\/pages\/23972","targetHints":{"allow":["GET"]}}],"collection":[{"href":"https:\/\/ligurealassio.it\/de\/wp-json\/wp\/v2\/pages"}],"about":[{"href":"https:\/\/ligurealassio.it\/de\/wp-json\/wp\/v2\/types\/page"}],"author":[{"embeddable":true,"href":"https:\/\/ligurealassio.it\/de\/wp-json\/wp\/v2\/users\/1"}],"replies":[{"embeddable":true,"href":"https:\/\/ligurealassio.it\/de\/wp-json\/wp\/v2\/comments?post=23972"}],"version-history":[{"count":26,"href":"https:\/\/ligurealassio.it\/de\/wp-json\/wp\/v2\/pages\/23972\/revisions"}],"predecessor-version":[{"id":27384,"href":"https:\/\/ligurealassio.it\/de\/wp-json\/wp\/v2\/pages\/23972\/revisions\/27384"}],"wp:attachment":[{"href":"https:\/\/ligurealassio.it\/de\/wp-json\/wp\/v2\/media?parent=23972"}],"curies":[{"name":"wp","href":"https:\/\/api.w.org\/{rel}","templated":true}]}}