{"id":23962,"date":"2025-06-16T16:15:30","date_gmt":"2025-06-16T14:15:30","guid":{"rendered":"https:\/\/ligurealassio.it\/lavora-con-noi\/"},"modified":"2025-07-17T14:30:42","modified_gmt":"2025-07-17T12:30:42","slug":"travaille-avec-nous","status":"publish","type":"page","link":"https:\/\/ligurealassio.it\/fr\/travaille-avec-nous\/","title":{"rendered":"Travaille avec nous"},"content":{"rendered":"\t\t<div data-elementor-type=\"wp-page\" data-elementor-id=\"23962\" class=\"elementor elementor-23962 elementor-22775\">\n\t\t\t\t<div class=\"elementor-element elementor-element-8857b98 e-flex e-con-boxed e-con e-parent\" data-id=\"8857b98\" data-element_type=\"container\" data-e-type=\"container\" data-settings=\"{&quot;hoteller_ext_is_background_parallax&quot;:&quot;false&quot;,&quot;hoteller_ext_is_background_backdrop&quot;:&quot;false&quot;,&quot;hoteller_ext_is_background_on_scroll&quot;:&quot;false&quot;,&quot;hoteller_ext_link_sidemenu&quot;:&quot;false&quot;,&quot;hoteller_ext_link_fullmenu&quot;:&quot;false&quot;,&quot;hoteller_ext_link_closed_fullmenu&quot;:&quot;false&quot;,&quot;hoteller_ext_is_scrollme&quot;:&quot;false&quot;,&quot;hoteller_ext_is_smoove&quot;:&quot;false&quot;,&quot;hoteller_ext_is_parallax_mouse&quot;:&quot;false&quot;,&quot;hoteller_ext_is_infinite&quot;:&quot;false&quot;,&quot;hoteller_ext_is_fadeout_animation&quot;:&quot;false&quot;,&quot;hoteller_ext_mobile_static&quot;:&quot;false&quot;}\">\n\t\t\t\t\t<div class=\"e-con-inner\">\n\t\t\t\t<div class=\"elementor-element elementor-element-e1aa83a elementor-widget elementor-widget-heading\" data-id=\"e1aa83a\" data-element_type=\"widget\" data-e-type=\"widget\" data-settings=\"{&quot;hoteller_ext_link_sidemenu&quot;:&quot;false&quot;,&quot;hoteller_ext_link_fullmenu&quot;:&quot;false&quot;,&quot;hoteller_ext_link_closed_fullmenu&quot;:&quot;false&quot;,&quot;hoteller_ext_is_scrollme&quot;:&quot;false&quot;,&quot;hoteller_ext_is_smoove&quot;:&quot;false&quot;,&quot;hoteller_ext_is_parallax_mouse&quot;:&quot;false&quot;,&quot;hoteller_ext_is_infinite&quot;:&quot;false&quot;,&quot;hoteller_ext_is_fadeout_animation&quot;:&quot;false&quot;,&quot;hoteller_ext_mobile_static&quot;:&quot;false&quot;}\" data-widget_type=\"heading.default\">\n\t\t\t\t<div class=\"elementor-widget-container\">\n\t\t\t\t\t<h1 class=\"elementor-heading-title elementor-size-default\">Tu veux rejoindre notre \u00e9quipe ?<\/h1>\t\t\t\t<\/div>\n\t\t\t\t<\/div>\n\t\t\t\t\t<\/div>\n\t\t\t\t<\/div>\n\t\t<div class=\"elementor-element elementor-element-1ef23a0 e-flex e-con-boxed e-con e-parent\" data-id=\"1ef23a0\" data-element_type=\"container\" data-e-type=\"container\" data-settings=\"{&quot;hoteller_ext_is_background_parallax&quot;:&quot;false&quot;,&quot;hoteller_ext_is_background_backdrop&quot;:&quot;false&quot;,&quot;hoteller_ext_is_background_on_scroll&quot;:&quot;false&quot;,&quot;hoteller_ext_link_sidemenu&quot;:&quot;false&quot;,&quot;hoteller_ext_link_fullmenu&quot;:&quot;false&quot;,&quot;hoteller_ext_link_closed_fullmenu&quot;:&quot;false&quot;,&quot;hoteller_ext_is_scrollme&quot;:&quot;false&quot;,&quot;hoteller_ext_is_smoove&quot;:&quot;false&quot;,&quot;hoteller_ext_is_parallax_mouse&quot;:&quot;false&quot;,&quot;hoteller_ext_is_infinite&quot;:&quot;false&quot;,&quot;hoteller_ext_is_fadeout_animation&quot;:&quot;false&quot;,&quot;hoteller_ext_mobile_static&quot;:&quot;false&quot;}\">\n\t\t\t\t\t<div class=\"e-con-inner\">\n\t\t\t\t<div class=\"elementor-element elementor-element-ec08cde contatti elementor-widget elementor-widget-hoteller-contact-form\" data-id=\"ec08cde\" data-element_type=\"widget\" data-e-type=\"widget\" data-settings=\"{&quot;hoteller_ext_link_sidemenu&quot;:&quot;false&quot;,&quot;hoteller_ext_link_fullmenu&quot;:&quot;false&quot;,&quot;hoteller_ext_link_closed_fullmenu&quot;:&quot;false&quot;,&quot;hoteller_ext_is_scrollme&quot;:&quot;false&quot;,&quot;hoteller_ext_is_smoove&quot;:&quot;false&quot;,&quot;hoteller_ext_is_parallax_mouse&quot;:&quot;false&quot;,&quot;hoteller_ext_is_infinite&quot;:&quot;false&quot;,&quot;hoteller_ext_is_fadeout_animation&quot;:&quot;false&quot;,&quot;hoteller_ext_mobile_static&quot;:&quot;false&quot;}\" data-widget_type=\"hoteller-contact-form.default\">\n\t\t\t\t<div class=\"elementor-widget-container\">\n\t\t\t\t\t<div class=\"hoteller-contact-form-content-wrapper two_cols\">\n\t\n<div class=\"wpcf7 no-js\" id=\"wpcf7-f25544-o1\" lang=\"it-IT\" dir=\"ltr\" data-wpcf7-id=\"25544\">\n<div class=\"screen-reader-response\"><p role=\"status\" aria-live=\"polite\" aria-atomic=\"true\"><\/p> <ul><\/ul><\/div>\n<form action=\"\/fr\/wp-json\/wp\/v2\/pages\/23962#wpcf7-f25544-o1\" method=\"post\" class=\"wpcf7-form init\" aria-label=\"Modulo di contatto\" enctype=\"multipart\/form-data\" novalidate=\"novalidate\" data-status=\"init\">\n<fieldset class=\"hidden-fields-container\"><input type=\"hidden\" name=\"_wpcf7\" value=\"25544\" \/><input type=\"hidden\" name=\"_wpcf7_version\" value=\"6.1.5\" \/><input type=\"hidden\" name=\"_wpcf7_locale\" value=\"it_IT\" \/><input type=\"hidden\" name=\"_wpcf7_unit_tag\" value=\"wpcf7-f25544-o1\" \/><input type=\"hidden\" name=\"_wpcf7_container_post\" value=\"0\" \/><input type=\"hidden\" name=\"_wpcf7_posted_data_hash\" value=\"\" \/><input type=\"hidden\" name=\"_wpcf7_recaptcha_response\" value=\"\" \/>\n<\/fieldset>\n<div class=\"lavora-con-noi\">\n\t<div class=\"duecolonne\">\n\t\t<p><label> Nom*<br \/>\n<span class=\"wpcf7-form-control-wrap\" data-name=\"first-name\"><input size=\"40\" maxlength=\"400\" class=\"wpcf7-form-control wpcf7-text wpcf7-validates-as-required\" autocomplete=\"name\" aria-required=\"true\" aria-invalid=\"false\" value=\"\" type=\"text\" name=\"first-name\" \/><\/span> <\/label>\n\t\t<\/p>\n\t\t<p><label> Pr\u00e9nom*<br \/>\n<span class=\"wpcf7-form-control-wrap\" data-name=\"last-name\"><input size=\"40\" maxlength=\"400\" class=\"wpcf7-form-control wpcf7-text wpcf7-validates-as-required\" autocomplete=\"name\" aria-required=\"true\" aria-invalid=\"false\" value=\"\" type=\"text\" name=\"last-name\" \/><\/span> <\/label>\n\t\t<\/p>\n\t\t<p><label> Email*<br \/>\n<span class=\"wpcf7-form-control-wrap\" data-name=\"your-email\"><input size=\"40\" maxlength=\"400\" class=\"wpcf7-form-control wpcf7-email wpcf7-validates-as-required wpcf7-text wpcf7-validates-as-email\" autocomplete=\"email\" aria-required=\"true\" aria-invalid=\"false\" value=\"\" type=\"email\" name=\"your-email\" \/><\/span> <\/label>\n\t\t<\/p>\n\t\t<p><label> T\u00e9l\u00e9phone*<br \/>\n<span class=\"wpcf7-form-control-wrap\" data-name=\"your-phone\"><input size=\"40\" maxlength=\"400\" class=\"wpcf7-form-control wpcf7-tel wpcf7-validates-as-required wpcf7-text wpcf7-validates-as-tel\" autocomplete=\"tel\" aria-required=\"true\" aria-invalid=\"false\" value=\"\" type=\"tel\" name=\"your-phone\" \/><\/span> <\/label>\n\t\t<\/p>\n\t\t<p><label> Date de naissance*<br \/>\n<span class=\"wpcf7-form-control-wrap\" data-name=\"data-di-nascita\"><input class=\"wpcf7-form-control wpcf7-date wpcf7-validates-as-required wpcf7-validates-as-date\" aria-required=\"true\" aria-invalid=\"false\" value=\"\" type=\"date\" name=\"data-di-nascita\" \/><\/span> <\/label>\n\t\t<\/p>\n\t\t<p><label> D\u00e9partement*<br \/>\n<span class=\"wpcf7-form-control-wrap\" data-name=\"settore\"><select class=\"wpcf7-form-control wpcf7-select wpcf7-validates-as-required\" aria-required=\"true\" aria-invalid=\"false\" name=\"settore\"><option value=\"Restaurant \/ Bar\">Restaurant \/ Bar<\/option><option value=\"Cuisine\">Cuisine<\/option><option value=\"R\u00e9ception\">R\u00e9ception<\/option><option value=\"Wellness\">Wellness<\/option><option value=\"Autre\">Autre<\/option><\/select><\/span><\/label>\n\t\t<\/p>\n\t<\/div>\n\t<div style=\"clear:both;float:none;\">\n\t<\/div>\n\t<p style=\"width:100%;\"><label> Message*<br \/>\n<span class=\"wpcf7-form-control-wrap\" data-name=\"your-message\"><input size=\"40\" maxlength=\"400\" class=\"wpcf7-form-control wpcf7-text wpcf7-validates-as-required\" aria-required=\"true\" aria-invalid=\"false\" value=\"\" type=\"text\" name=\"your-message\" \/><\/span> <\/label>\n\t<\/p>\n\t<p style=\"width:100%;\"><label> Joindre un CV avec photo (image, texte ou PDF, max 10 Mb)<br \/>\n<span class=\"wpcf7-form-control-wrap\" data-name=\"cv\"><input size=\"40\" class=\"wpcf7-form-control wpcf7-file wpcf7-validates-as-required\" accept=\"audio\/*,video\/*,image\/*,.txt,application\/pdf\" aria-required=\"true\" aria-invalid=\"false\" type=\"file\" name=\"cv\" \/><\/span> <\/label>\n\t<\/p>\n\t<p style=\"width:100%;margin:0;\"><br \/>\n<span class=\"wpcf7-form-control-wrap\" data-name=\"privacy\"><span class=\"wpcf7-form-control wpcf7-acceptance optional\"><span class=\"wpcf7-list-item\"><label><input type=\"checkbox\" name=\"privacy\" value=\"1\" aria-invalid=\"false\" \/><span class=\"wpcf7-list-item-label\">J\u2019accepte la gestion de mes donn\u00e9es personnelles conform\u00e9ment au R\u00e8glement Europ\u00e9en 2016\/679 (RGPD).<\/span><\/label><\/span><\/span><\/span>\n\t<\/p>\n\t<p><input class=\"wpcf7-form-control wpcf7-submit has-spinner\" type=\"submit\" value=\"ENVOYER\" \/>\n\t<\/p>\n<\/div><div class=\"wpcf7-response-output\" aria-hidden=\"true\"><\/div>\n<\/form>\n<\/div>\n<\/div>\t\t\t\t<\/div>\n\t\t\t\t<\/div>\n\t\t\t\t\t<\/div>\n\t\t\t\t<\/div>\n\t\t\t\t<\/div>\n\t\t","protected":false},"excerpt":{"rendered":"<p>Tu veux rejoindre notre \u00e9quipe ? Nom* Pr\u00e9nom* Email* T\u00e9l\u00e9phone* Date de naissance* D\u00e9partement* Restaurant \/ BarCuisineR\u00e9ceptionWellnessAutre Message* Joindre un CV avec photo (image, texte ou PDF, max 10 Mb) J\u2019accepte la gestion de mes donn\u00e9es personnelles conform\u00e9ment au R\u00e8glement [&hellip;]<\/p>\n","protected":false},"author":1,"featured_media":0,"parent":0,"menu_order":0,"comment_status":"closed","ping_status":"closed","template":"elementor_header_footer","meta":{"footnotes":""},"class_list":["post-23962","page","type-page","status-publish","hentry"],"yoast_head":"<!-- This site is optimized with the Yoast SEO plugin v27.3 - https:\/\/yoast.com\/product\/yoast-seo-wordpress\/ -->\n<title>Travaille avec nous - Hotel Ligure<\/title>\n<meta name=\"description\" content=\"Si tu recherches une opportunit\u00e9 de travail dans un environnement stimulant, luxueux mais convivial, envoie-nous ta candidature\" \/>\n<meta name=\"robots\" content=\"index, follow, max-snippet:-1, max-image-preview:large, max-video-preview:-1\" \/>\n<link rel=\"canonical\" href=\"https:\/\/ligurealassio.it\/fr\/travaille-avec-nous\/\" \/>\n<meta property=\"og:locale\" content=\"fr_FR\" \/>\n<meta property=\"og:type\" content=\"article\" \/>\n<meta property=\"og:title\" content=\"Travaille avec nous - Hotel Ligure\" \/>\n<meta property=\"og:description\" content=\"Si tu recherches une opportunit\u00e9 de travail dans un environnement stimulant, luxueux mais convivial, envoie-nous ta candidature\" \/>\n<meta property=\"og:url\" content=\"https:\/\/ligurealassio.it\/fr\/travaille-avec-nous\/\" \/>\n<meta property=\"og:site_name\" content=\"Hotel Ligure\" \/>\n<meta property=\"article:publisher\" content=\"https:\/\/www.facebook.com\/people\/Hotel-Ligure-Alassio-\/100063594339291\/#\" \/>\n<meta property=\"article:modified_time\" content=\"2025-07-17T12:30:42+00:00\" \/>\n<meta name=\"twitter:card\" content=\"summary_large_image\" \/>\n<meta name=\"twitter:label1\" content=\"Dur\u00e9e de lecture estim\u00e9e\" \/>\n\t<meta name=\"twitter:data1\" content=\"1 minute\" \/>\n<script type=\"application\/ld+json\" class=\"yoast-schema-graph\">{\"@context\":\"https:\\\/\\\/schema.org\",\"@graph\":[{\"@type\":\"WebPage\",\"@id\":\"https:\\\/\\\/ligurealassio.it\\\/fr\\\/travaille-avec-nous\\\/\",\"url\":\"https:\\\/\\\/ligurealassio.it\\\/fr\\\/travaille-avec-nous\\\/\",\"name\":\"Travaille avec nous - Hotel Ligure\",\"isPartOf\":{\"@id\":\"https:\\\/\\\/ligurealassio.it\\\/fr\\\/#website\"},\"datePublished\":\"2025-06-16T14:15:30+00:00\",\"dateModified\":\"2025-07-17T12:30:42+00:00\",\"description\":\"Si tu recherches une opportunit\u00e9 de travail dans un environnement stimulant, luxueux mais convivial, envoie-nous ta candidature\",\"breadcrumb\":{\"@id\":\"https:\\\/\\\/ligurealassio.it\\\/fr\\\/travaille-avec-nous\\\/#breadcrumb\"},\"inLanguage\":\"fr-FR\",\"potentialAction\":[{\"@type\":\"ReadAction\",\"target\":[\"https:\\\/\\\/ligurealassio.it\\\/fr\\\/travaille-avec-nous\\\/\"]}]},{\"@type\":\"BreadcrumbList\",\"@id\":\"https:\\\/\\\/ligurealassio.it\\\/fr\\\/travaille-avec-nous\\\/#breadcrumb\",\"itemListElement\":[{\"@type\":\"ListItem\",\"position\":1,\"name\":\"Home\",\"item\":\"https:\\\/\\\/ligurealassio.it\\\/fr\\\/\"},{\"@type\":\"ListItem\",\"position\":2,\"name\":\"Travaille avec nous\"}]},{\"@type\":\"WebSite\",\"@id\":\"https:\\\/\\\/ligurealassio.it\\\/fr\\\/#website\",\"url\":\"https:\\\/\\\/ligurealassio.it\\\/fr\\\/\",\"name\":\"Hotel Ligure\",\"description\":\"\",\"publisher\":{\"@id\":\"https:\\\/\\\/ligurealassio.it\\\/fr\\\/#organization\"},\"potentialAction\":[{\"@type\":\"SearchAction\",\"target\":{\"@type\":\"EntryPoint\",\"urlTemplate\":\"https:\\\/\\\/ligurealassio.it\\\/fr\\\/?s={search_term_string}\"},\"query-input\":{\"@type\":\"PropertyValueSpecification\",\"valueRequired\":true,\"valueName\":\"search_term_string\"}}],\"inLanguage\":\"fr-FR\"},{\"@type\":\"Organization\",\"@id\":\"https:\\\/\\\/ligurealassio.it\\\/fr\\\/#organization\",\"name\":\"Hotel Ligure\",\"url\":\"https:\\\/\\\/ligurealassio.it\\\/fr\\\/\",\"logo\":{\"@type\":\"ImageObject\",\"inLanguage\":\"fr-FR\",\"@id\":\"https:\\\/\\\/ligurealassio.it\\\/fr\\\/#\\\/schema\\\/logo\\\/image\\\/\",\"url\":\"\",\"contentUrl\":\"\",\"caption\":\"Hotel Ligure\"},\"image\":{\"@id\":\"https:\\\/\\\/ligurealassio.it\\\/fr\\\/#\\\/schema\\\/logo\\\/image\\\/\"},\"sameAs\":[\"https:\\\/\\\/www.facebook.com\\\/people\\\/Hotel-Ligure-Alassio-\\\/100063594339291\\\/#\",\"https:\\\/\\\/www.instagram.com\\\/hotel_ligure_alassio\\\/\",\"https:\\\/\\\/it.pinterest.com\\\/ligurealassio\\\/\"]}]}<\/script>\n<!-- \/ Yoast SEO plugin. -->","yoast_head_json":{"title":"Travaille avec nous - Hotel Ligure","description":"Si tu recherches une opportunit\u00e9 de travail dans un environnement stimulant, luxueux mais convivial, envoie-nous ta candidature","robots":{"index":"index","follow":"follow","max-snippet":"max-snippet:-1","max-image-preview":"max-image-preview:large","max-video-preview":"max-video-preview:-1"},"canonical":"https:\/\/ligurealassio.it\/fr\/travaille-avec-nous\/","og_locale":"fr_FR","og_type":"article","og_title":"Travaille avec nous - Hotel Ligure","og_description":"Si tu recherches une opportunit\u00e9 de travail dans un environnement stimulant, luxueux mais convivial, envoie-nous ta candidature","og_url":"https:\/\/ligurealassio.it\/fr\/travaille-avec-nous\/","og_site_name":"Hotel Ligure","article_publisher":"https:\/\/www.facebook.com\/people\/Hotel-Ligure-Alassio-\/100063594339291\/#","article_modified_time":"2025-07-17T12:30:42+00:00","twitter_card":"summary_large_image","twitter_misc":{"Dur\u00e9e de lecture estim\u00e9e":"1 minute"},"schema":{"@context":"https:\/\/schema.org","@graph":[{"@type":"WebPage","@id":"https:\/\/ligurealassio.it\/fr\/travaille-avec-nous\/","url":"https:\/\/ligurealassio.it\/fr\/travaille-avec-nous\/","name":"Travaille avec nous - Hotel Ligure","isPartOf":{"@id":"https:\/\/ligurealassio.it\/fr\/#website"},"datePublished":"2025-06-16T14:15:30+00:00","dateModified":"2025-07-17T12:30:42+00:00","description":"Si tu recherches une opportunit\u00e9 de travail dans un environnement stimulant, luxueux mais convivial, envoie-nous ta candidature","breadcrumb":{"@id":"https:\/\/ligurealassio.it\/fr\/travaille-avec-nous\/#breadcrumb"},"inLanguage":"fr-FR","potentialAction":[{"@type":"ReadAction","target":["https:\/\/ligurealassio.it\/fr\/travaille-avec-nous\/"]}]},{"@type":"BreadcrumbList","@id":"https:\/\/ligurealassio.it\/fr\/travaille-avec-nous\/#breadcrumb","itemListElement":[{"@type":"ListItem","position":1,"name":"Home","item":"https:\/\/ligurealassio.it\/fr\/"},{"@type":"ListItem","position":2,"name":"Travaille avec nous"}]},{"@type":"WebSite","@id":"https:\/\/ligurealassio.it\/fr\/#website","url":"https:\/\/ligurealassio.it\/fr\/","name":"Hotel Ligure","description":"","publisher":{"@id":"https:\/\/ligurealassio.it\/fr\/#organization"},"potentialAction":[{"@type":"SearchAction","target":{"@type":"EntryPoint","urlTemplate":"https:\/\/ligurealassio.it\/fr\/?s={search_term_string}"},"query-input":{"@type":"PropertyValueSpecification","valueRequired":true,"valueName":"search_term_string"}}],"inLanguage":"fr-FR"},{"@type":"Organization","@id":"https:\/\/ligurealassio.it\/fr\/#organization","name":"Hotel Ligure","url":"https:\/\/ligurealassio.it\/fr\/","logo":{"@type":"ImageObject","inLanguage":"fr-FR","@id":"https:\/\/ligurealassio.it\/fr\/#\/schema\/logo\/image\/","url":"","contentUrl":"","caption":"Hotel Ligure"},"image":{"@id":"https:\/\/ligurealassio.it\/fr\/#\/schema\/logo\/image\/"},"sameAs":["https:\/\/www.facebook.com\/people\/Hotel-Ligure-Alassio-\/100063594339291\/#","https:\/\/www.instagram.com\/hotel_ligure_alassio\/","https:\/\/it.pinterest.com\/ligurealassio\/"]}]}},"_links":{"self":[{"href":"https:\/\/ligurealassio.it\/fr\/wp-json\/wp\/v2\/pages\/23962","targetHints":{"allow":["GET"]}}],"collection":[{"href":"https:\/\/ligurealassio.it\/fr\/wp-json\/wp\/v2\/pages"}],"about":[{"href":"https:\/\/ligurealassio.it\/fr\/wp-json\/wp\/v2\/types\/page"}],"author":[{"embeddable":true,"href":"https:\/\/ligurealassio.it\/fr\/wp-json\/wp\/v2\/users\/1"}],"replies":[{"embeddable":true,"href":"https:\/\/ligurealassio.it\/fr\/wp-json\/wp\/v2\/comments?post=23962"}],"version-history":[{"count":16,"href":"https:\/\/ligurealassio.it\/fr\/wp-json\/wp\/v2\/pages\/23962\/revisions"}],"predecessor-version":[{"id":26323,"href":"https:\/\/ligurealassio.it\/fr\/wp-json\/wp\/v2\/pages\/23962\/revisions\/26323"}],"wp:attachment":[{"href":"https:\/\/ligurealassio.it\/fr\/wp-json\/wp\/v2\/media?parent=23962"}],"curies":[{"name":"wp","href":"https:\/\/api.w.org\/{rel}","templated":true}]}}