{"id":23971,"date":"2025-05-22T08:00:31","date_gmt":"2025-05-22T06:00:31","guid":{"rendered":"https:\/\/ligurealassio.it\/clausole-e-condizioni\/"},"modified":"2025-07-28T13:05:56","modified_gmt":"2025-07-28T11:05:56","slug":"a-savoir","status":"publish","type":"page","link":"https:\/\/ligurealassio.it\/fr\/a-savoir\/","title":{"rendered":"\u00c0 savoir"},"content":{"rendered":"<h2><b>INFORMATIONS UTILES<\/b><\/h2>\n<p><span style=\"font-weight: 400;\">Du premier click au dernier sourire avant le d\u00e9part: tout ce qu&rsquo;il faut savoir<\/span><\/p>\n<p>&nbsp;<\/p>\n<h3><strong>Comment arriver \u00e0 l\u2019H\u00f4tel Ligure<\/strong><\/h3>\n<p>L\u2019H\u00f4tel Ligure se trouve dans une zone pi\u00e9tonne, mais il est tr\u00e8s facile \u00e0 rejoindre.<\/p>\n<p><strong>Option 1 :<\/strong> Programme ton GPS sur <strong>Via Cavour 1<\/strong>. Une fois arriv\u00e9, continue en voiture sur environ 100 m\u00e8tres jusqu\u2019\u00e0 l&rsquo;Hotel par la promenade.<\/p>\n<p><img fetchpriority=\"high\" decoding=\"async\" class=\"alignnone size-medium wp-image-26598\" title=\"viabilita' da via cavour\" src=\"https:\/\/ligurealassio.it\/wp-content\/uploads\/2025\/07\/viabilita-da-via-cavour-300x171.jpg\" alt=\"\" width=\"300\" height=\"171\" srcset=\"https:\/\/ligurealassio.it\/wp-content\/uploads\/2025\/07\/viabilita-da-via-cavour-300x171.jpg 300w, https:\/\/ligurealassio.it\/wp-content\/uploads\/2025\/07\/viabilita-da-via-cavour-1024x585.jpg 1024w, https:\/\/ligurealassio.it\/wp-content\/uploads\/2025\/07\/viabilita-da-via-cavour-768x439.jpg 768w, https:\/\/ligurealassio.it\/wp-content\/uploads\/2025\/07\/viabilita-da-via-cavour-440x251.jpg 440w, https:\/\/ligurealassio.it\/wp-content\/uploads\/2025\/07\/viabilita-da-via-cavour.jpg 1050w\" sizes=\"(max-width: 300px) 100vw, 300px\" \/><\/p>\n<p><strong>Option 2 :<\/strong>\u00a0\u00a0 Tu peux \u00e9galement entrer <em>Corso Dante Alighieri 202<\/em> dans ton GPS, o\u00f9 se trouve notre zone d\u00e9di\u00e9e au chargement et au d\u00e9chargement. Une fois gar\u00e9, prends <em>Via Milite Ignoto<\/em>, juste \u00e0 c\u00f4t\u00e9 du parking, et marche environ 50 m\u00e8tres.<\/p>\n<p><img decoding=\"async\" class=\"alignnone size-medium wp-image-26602\" title=\"viabilita' da via CORSO DANTE\" src=\"https:\/\/ligurealassio.it\/wp-content\/uploads\/2025\/07\/viabilita-da-via-CORSO-DANTE-300x171.jpg\" alt=\"\" width=\"300\" height=\"171\" srcset=\"https:\/\/ligurealassio.it\/wp-content\/uploads\/2025\/07\/viabilita-da-via-CORSO-DANTE-300x171.jpg 300w, https:\/\/ligurealassio.it\/wp-content\/uploads\/2025\/07\/viabilita-da-via-CORSO-DANTE-1024x585.jpg 1024w, https:\/\/ligurealassio.it\/wp-content\/uploads\/2025\/07\/viabilita-da-via-CORSO-DANTE-768x439.jpg 768w, https:\/\/ligurealassio.it\/wp-content\/uploads\/2025\/07\/viabilita-da-via-CORSO-DANTE-440x251.jpg 440w, https:\/\/ligurealassio.it\/wp-content\/uploads\/2025\/07\/viabilita-da-via-CORSO-DANTE.jpg 1050w\" sizes=\"(max-width: 300px) 100vw, 300px\" \/><\/p>\n<h3><b>Enregistrement et d\u00e9part<\/b><\/h3>\n<p><span style=\"font-weight: 400;\">Les chambres et le garage sont disponibles \u00e0 partir de 15h00 le jour de l&rsquo;arriv\u00e9e, jusqu&rsquo;\u00e0 11h00 le jour du d\u00e9part.<\/span><span style=\"font-weight: 400;\"><br \/>\n<\/span><span style=\"font-weight: 400;\">Vous arrivez en avance ou partez plus tard? Vous pouvez laisser vos bagages en consigne \u2014 nous nous en occupons.<\/span><\/p>\n<h3><b>D\u00e9part tardif<\/b><\/h3>\n<p><span style=\"font-weight: 400;\">Sous r\u00e9serve de disponibilit\u00e9, vous pouvez demander un d\u00e9part jusqu&rsquo;\u00e0 18h30 avec un l\u00e9ger suppl\u00e9ment, calcul\u00e9 en pourcentage du tarif journalier.<\/span><\/p>\n<h3><b>Horaires du restaurant<\/b><\/h3>\n<ul>\n<li style=\"font-weight: 400;\" aria-level=\"1\"><span style=\"font-weight: 400;\">Petit-d\u00e9jeuner: 08h00 \u2013 10h15<\/span><\/li>\n<li style=\"font-weight: 400;\" aria-level=\"1\"><span style=\"font-weight: 400;\">D\u00e9jeuner: 13h00 \u2013 14h00<\/span><\/li>\n<li style=\"font-weight: 400;\" aria-level=\"1\"><span style=\"font-weight: 400;\">D\u00eener: 19h30 \u2013 20h45<\/span><span style=\"font-weight: 400;\"><br \/>\n<\/span><span style=\"font-weight: 400;\">Une tenue \u00e9l\u00e9gante est demand\u00e9e pour le d\u00eener (pantalon long pour les hommes).<\/span><\/li>\n<\/ul>\n<h3><b>Formules Demi-pension et Pension compl\u00e8te<\/b><\/h3>\n<p><span style=\"font-weight: 400;\">Valables pour les s\u00e9jours de minimum 4 nuits par semaine.<\/span><span style=\"font-weight: 400;\"><br \/>\n<\/span><span style=\"font-weight: 400;\">Pour les d\u00e9jeuners ou d\u00eeners occasionnels, notre restaurant Ligure Blue reste toujours ouvert.<\/span><\/p>\n<h3><b>R\u00e9ductions et suppl\u00e9ments<\/b><\/h3>\n<ul>\n<li style=\"font-weight: 400;\" aria-level=\"1\"><span style=\"font-weight: 400;\">Adultes\/enfants (13 ans et plus): 10 % de r\u00e9duction sur le 3\u1d49\/4\u1d49 lit<\/span><\/li>\n<li style=\"font-weight: 400;\" aria-level=\"1\"><span style=\"font-weight: 400;\">Enfants accompagn\u00e9s de deux adultes:<\/span>\n<ul>\n<li style=\"font-weight: 400;\" aria-level=\"2\"><span style=\"font-weight: 400;\">De 12 mois \u00e0 2 ans: 50 %<\/span><\/li>\n<li style=\"font-weight: 400;\" aria-level=\"2\"><span style=\"font-weight: 400;\">De 3 \u00e0 6 ans: 40 %<\/span><\/li>\n<li style=\"font-weight: 400;\" aria-level=\"2\"><span style=\"font-weight: 400;\">De 7 \u00e0 12 ans: 30 %<\/span><\/li>\n<\/ul>\n<\/li>\n<li style=\"font-weight: 400;\" aria-level=\"1\"><span style=\"font-weight: 400;\">B\u00e9b\u00e9s: h\u00e9bergement sans repas (\u20ac30\u201350\/jour)<\/span><\/li>\n<li style=\"font-weight: 400;\" aria-level=\"1\"><span style=\"font-weight: 400;\">Chambre individuelle: suppl\u00e9ment de +40 \u00e0 70 %<\/span><\/li>\n<li style=\"font-weight: 400;\" aria-level=\"1\"><span style=\"font-weight: 400;\">Lits suppl\u00e9mentaires: r\u00e9ductions disponibles \u00e0 partir de 3 nuits<\/span><\/li>\n<li style=\"font-weight: 400;\" aria-level=\"1\"><span style=\"font-weight: 400;\">Changement de personne pendant le s\u00e9jour: minimum 2 nuits cons\u00e9cutives<\/span><\/li>\n<\/ul>\n<h3><b>Animaux domestiques<\/b><\/h3>\n<p><span style=\"font-weight: 400;\">Les animaux de petite taille (jusqu&rsquo;\u00e0 8 kg) sont les bienvenus avec un suppl\u00e9ment de 28 \u20ac\/jour.<\/span><span style=\"font-weight: 400;\"><br \/>\n<\/span><span style=\"font-weight: 400;\">Afin de garantir un confort optimal \u00e0 tous nos h\u00f4tes, ils ne sont pas autoris\u00e9s dans la salle \u00e0 manger, au SPA ni sur la plage.<\/span><\/p>\n<h3><b>R\u00e9servation et confirmation<\/b><\/h3>\n<p><span style=\"font-weight: 400;\">Des arrhes sont demand\u00e9es, \u00e0 convenir au moment de la r\u00e9servation.<\/span><span style=\"font-weight: 400;\"><br \/>\n<\/span>Pour les r\u00e9servations de derni\u00e8re minute, nous vous demanderons une pr\u00e9autorisation ou le d\u00e9bit du s\u00e9jour sur votre carte de cr\u00e9dit.<\/p>\n<h3><b>Et si jamais tu dois renoncer \u00e0 tes vacances?<\/b><\/h3>\n<p><strong>Politique standard d\u2019annulation\/modification \u2013 valable du 10\/09 au 31\/05<\/strong><\/p>\n<p>Pour toute annulation ou modification de r\u00e9servation re\u00e7ue par \u00e9crit avant 14h :<\/p>\n<ul>\n<li>Jusqu\u2019\u00e0 8 jours avant l\u2019arriv\u00e9e : aucune p\u00e9nalit\u00e9 ne sera appliqu\u00e9e<\/li>\n<li>De 7 \u00e0 5 jours avant l\u2019arriv\u00e9e : p\u00e9nalit\u00e9 de 35 % du s\u00e9jour r\u00e9serv\u00e9<\/li>\n<li>De 4 \u00e0 3 jours avant l\u2019arriv\u00e9e : p\u00e9nalit\u00e9 de 60 % du s\u00e9jour r\u00e9serv\u00e9<\/li>\n<li>\u00c0 partir de 2 jours avant l\u2019arriv\u00e9e : p\u00e9nalit\u00e9 de 80 % du s\u00e9jour r\u00e9serv\u00e9<\/li>\n<li>Non-pr\u00e9sentation sans communication avant 14h la veille de l\u2019arriv\u00e9e : p\u00e9nalit\u00e9 de 100 % du s\u00e9jour r\u00e9serv\u00e9<\/li>\n<\/ul>\n<p><strong>Politique standard d\u2019annulation\/modification \u2013 valable du 01\/06 au 09\/09<\/strong><\/p>\n<p>Pour toute annulation ou modification de r\u00e9servation re\u00e7ue par \u00e9crit avant 14h :<\/p>\n<ul>\n<li>Jusqu\u2019\u00e0 15 jours avant l\u2019arriv\u00e9e : aucune p\u00e9nalit\u00e9 ne sera appliqu\u00e9e<\/li>\n<li>De 14 \u00e0 10 jours avant l\u2019arriv\u00e9e : p\u00e9nalit\u00e9 de 35 % du s\u00e9jour r\u00e9serv\u00e9<\/li>\n<li>De 9 \u00e0 5 jours avant l\u2019arriv\u00e9e : p\u00e9nalit\u00e9 de 50 % du s\u00e9jour r\u00e9serv\u00e9<\/li>\n<li>De 4 \u00e0 3 jours avant l\u2019arriv\u00e9e : p\u00e9nalit\u00e9 de 60 % du s\u00e9jour r\u00e9serv\u00e9<\/li>\n<li>\u00c0 partir de 2 jours avant l\u2019arriv\u00e9e : p\u00e9nalit\u00e9 de 80 % du s\u00e9jour r\u00e9serv\u00e9<\/li>\n<li>Non-pr\u00e9sentation sans communication avant 14h la veille de l\u2019arriv\u00e9e : p\u00e9nalit\u00e9 de 100 % du s\u00e9jour r\u00e9serv\u00e9<\/li>\n<\/ul>\n<p>Toutes les dispositions s\u2019appliquent \u00e9galement au garage et \u00e0 la plage.<br \/>\n<i><span style=\"font-weight: 400;\">Pour les tarifs non remboursables, les early booking ou les promotions, des conditions sp\u00e9cifiques s&rsquo;appliquent.<\/span><\/i><\/p>\n<h3><b>Passionn\u00e9s de v\u00e9lo<\/b><\/h3>\n<p><span style=\"font-weight: 400;\">Nous avons un espace d\u00e9di\u00e9 pour garder ton v\u00e9lo en toute s\u00e9curit\u00e9.<\/span><\/p>\n<h3><b>Wi-Fi<\/b><\/h3>\n<p><span style=\"font-weight: 400;\">Gratuit dans les chambres et les espaces communs.<\/span><\/p>\n<h3><b>Service plage partenaire<\/b><\/h3>\n<p><span style=\"font-weight: 400;\">Parasol et transats disponibles sur r\u00e9servation.<\/span><span style=\"font-weight: 400;\"><br \/>\n<\/span><span style=\"font-weight: 400;\">L&rsquo;h\u00f4tel met \u00e0 ta disposition une serviette de plage, avec possibilit\u00e9 de la changer chaque jour.<\/span> Un sac de plage est offert en souvenir de tes vacances.<\/p>\n<h3><b>Garage<\/b><\/h3>\n<p><span style=\"font-weight: 400;\">\u00c0 250 m de l&rsquo;h\u00f4tel, souterrain, ferm\u00e9 mais non surveill\u00e9. Le service est garanti sur r\u00e9servation.<\/span><span style=\"font-weight: 400;\"><br \/>\n<\/span><span style=\"font-weight: 400;\">Tu as une voiture \u00e9lectrique? Nous organisons la recharge pour toi, sur r\u00e9servation.<\/span><\/p>\n<h3><b>Service de voiturier<\/b><\/h3>\n<p><span style=\"font-weight: 400;\">Tu veux arriver sans souci? Pour un petit suppl\u00e9ment de 20\u20ac, nous prenons en charge le stationnement de ta voiture et te la rapportons quand tu seras pr\u00eat \u00e0 partir.<\/span><span style=\"font-weight: 400;\"><br \/>\n<\/span><span style=\"font-weight: 400;\">Le service est disponible de 9h30 \u00e0 19h<\/span>, il est recommand\u00e9 de r\u00e9server le jour du d\u00e9part, une heure \u00e0 l&rsquo;avance.<\/p>\n<h3><b>Parcours sensoriel Solaria<\/b><\/h3>\n<p><span style=\"font-weight: 400;\">60 minutes de pure d\u00e9tente. V\u00e9rifie si c&rsquo;est inclus dans ton tarif ou renseigne-toi \u00e0 la r\u00e9ception.<\/span><\/p>\n<h3><b>Annulations des soins SPA<\/b><\/h3>\n<p><span style=\"font-weight: 400;\">Modifie ou annule ton rendez-vous dans les 24 heures \u00e0 l&rsquo;avance pour \u00e9viter des frais.<\/span><\/p>\n<h3><b>Modes de paiement<\/b><\/h3>\n<ul>\n<li style=\"font-weight: 400;\" aria-level=\"1\">Esp\u00e8ces: le paiement est demand\u00e9 \u00e0 l&rsquo;arriv\u00e9e. Montant selon la r\u00e9glementation en vigueur<\/li>\n<li style=\"font-weight: 400;\" aria-level=\"1\"><span style=\"font-weight: 400;\">Cartes bancaires: pr\u00e9autorisation ou d\u00e9bit<\/span><\/li>\n<li style=\"font-weight: 400;\" aria-level=\"1\"><span style=\"font-weight: 400;\">Virement bancaire: au moins 3 jours ouvrables avant le d\u00e9part<\/span><\/li>\n<li style=\"font-weight: 400;\" aria-level=\"1\"><span style=\"font-weight: 400;\">Ch\u00e8ques: non accept\u00e9s<\/span><\/li>\n<\/ul>\n<h3><b>TVA et taxe de s\u00e9jour<\/b><\/h3>\n<ul>\n<li style=\"font-weight: 400;\" aria-level=\"1\"><span style=\"font-weight: 400;\">TVA de 10 % comprise<\/span><\/li>\n<li style=\"font-weight: 400;\" aria-level=\"1\"><span style=\"font-weight: 400;\">Taxe de s\u00e9jour : 2,00 \u20ac\/jour par personne (\u00e0 partir de 12 ans, maximum 5 jours \u2014 du 1er avril au 31 octobre) \u00e0 comptabiliser<\/span><\/li>\n<\/ul>\n<h3><b>R\u00e9servations et devis<\/b><\/h3>\n<p><span style=\"font-weight: 400;\">Pour conna\u00eetre les tarifs actualis\u00e9s et b\u00e9n\u00e9ficier d&rsquo;offres personnalis\u00e9es, utilise notre section de r\u00e9servation en ligne ou contacte-nous directement. Notre bureau des r\u00e9servations est ouvert tous les jours de 8h00 \u00e0 21h00. Nous serons heureux de t&rsquo;aider \u00e0 organiser chaque d\u00e9tail de tes vacances.<\/span><\/p>\n","protected":false},"excerpt":{"rendered":"<p>INFORMATIONS UTILES Du premier click au dernier sourire avant le d\u00e9part: tout ce qu&rsquo;il faut savoir &nbsp; Comment arriver \u00e0 l\u2019H\u00f4tel Ligure L\u2019H\u00f4tel Ligure se trouve dans une zone pi\u00e9tonne, mais il est tr\u00e8s facile \u00e0 rejoindre. Option 1 : [&hellip;]<\/p>\n","protected":false},"author":1,"featured_media":0,"parent":0,"menu_order":0,"comment_status":"closed","ping_status":"closed","template":"","meta":{"footnotes":""},"class_list":["post-23971","page","type-page","status-publish","hentry"],"yoast_head":"<!-- This site is optimized with the Yoast SEO plugin v27.3 - https:\/\/yoast.com\/product\/yoast-seo-wordpress\/ -->\n<title>\u00c0 savoir - Hotel Ligure<\/title>\n<meta name=\"description\" content=\"a SAVOIR: informations utiles pour vos vacances : restaurant, SPA, annulations et bien d&#039;autres d\u00e9tails poure des vacancves parfaites\" \/>\n<meta name=\"robots\" content=\"index, follow, max-snippet:-1, max-image-preview:large, max-video-preview:-1\" \/>\n<link rel=\"canonical\" href=\"https:\/\/ligurealassio.it\/fr\/a-savoir\/\" \/>\n<meta property=\"og:locale\" content=\"fr_FR\" \/>\n<meta property=\"og:type\" content=\"article\" \/>\n<meta property=\"og:title\" content=\"\u00c0 savoir - Hotel Ligure\" \/>\n<meta property=\"og:description\" content=\"a SAVOIR: informations utiles pour vos vacances : restaurant, SPA, annulations et bien d&#039;autres d\u00e9tails poure des vacancves parfaites\" \/>\n<meta property=\"og:url\" content=\"https:\/\/ligurealassio.it\/fr\/a-savoir\/\" \/>\n<meta property=\"og:site_name\" content=\"Hotel Ligure\" \/>\n<meta property=\"article:publisher\" content=\"https:\/\/www.facebook.com\/people\/Hotel-Ligure-Alassio-\/100063594339291\/#\" \/>\n<meta property=\"article:modified_time\" content=\"2025-07-28T11:05:56+00:00\" \/>\n<meta property=\"og:image\" content=\"https:\/\/ligurealassio.it\/wp-content\/uploads\/2025\/07\/viabilita-da-via-cavour.jpg\" \/>\n\t<meta property=\"og:image:width\" content=\"1050\" \/>\n\t<meta property=\"og:image:height\" content=\"600\" \/>\n\t<meta property=\"og:image:type\" content=\"image\/jpeg\" \/>\n<meta name=\"twitter:card\" content=\"summary_large_image\" \/>\n<meta name=\"twitter:label1\" content=\"Dur\u00e9e de lecture estim\u00e9e\" \/>\n\t<meta name=\"twitter:data1\" content=\"6 minutes\" \/>\n<script type=\"application\/ld+json\" class=\"yoast-schema-graph\">{\"@context\":\"https:\\\/\\\/schema.org\",\"@graph\":[{\"@type\":\"WebPage\",\"@id\":\"https:\\\/\\\/ligurealassio.it\\\/fr\\\/a-savoir\\\/\",\"url\":\"https:\\\/\\\/ligurealassio.it\\\/fr\\\/a-savoir\\\/\",\"name\":\"\u00c0 savoir - Hotel Ligure\",\"isPartOf\":{\"@id\":\"https:\\\/\\\/ligurealassio.it\\\/fr\\\/#website\"},\"primaryImageOfPage\":{\"@id\":\"https:\\\/\\\/ligurealassio.it\\\/fr\\\/a-savoir\\\/#primaryimage\"},\"image\":{\"@id\":\"https:\\\/\\\/ligurealassio.it\\\/fr\\\/a-savoir\\\/#primaryimage\"},\"thumbnailUrl\":\"https:\\\/\\\/ligurealassio.it\\\/wp-content\\\/uploads\\\/2025\\\/07\\\/viabilita-da-via-cavour-300x171.jpg\",\"datePublished\":\"2025-05-22T06:00:31+00:00\",\"dateModified\":\"2025-07-28T11:05:56+00:00\",\"description\":\"a SAVOIR: informations utiles pour vos vacances : restaurant, SPA, annulations et bien d'autres d\u00e9tails poure des vacancves parfaites\",\"breadcrumb\":{\"@id\":\"https:\\\/\\\/ligurealassio.it\\\/fr\\\/a-savoir\\\/#breadcrumb\"},\"inLanguage\":\"fr-FR\",\"potentialAction\":[{\"@type\":\"ReadAction\",\"target\":[\"https:\\\/\\\/ligurealassio.it\\\/fr\\\/a-savoir\\\/\"]}]},{\"@type\":\"ImageObject\",\"inLanguage\":\"fr-FR\",\"@id\":\"https:\\\/\\\/ligurealassio.it\\\/fr\\\/a-savoir\\\/#primaryimage\",\"url\":\"https:\\\/\\\/ligurealassio.it\\\/wp-content\\\/uploads\\\/2025\\\/07\\\/viabilita-da-via-cavour-300x171.jpg\",\"contentUrl\":\"https:\\\/\\\/ligurealassio.it\\\/wp-content\\\/uploads\\\/2025\\\/07\\\/viabilita-da-via-cavour-300x171.jpg\"},{\"@type\":\"BreadcrumbList\",\"@id\":\"https:\\\/\\\/ligurealassio.it\\\/fr\\\/a-savoir\\\/#breadcrumb\",\"itemListElement\":[{\"@type\":\"ListItem\",\"position\":1,\"name\":\"Home\",\"item\":\"https:\\\/\\\/ligurealassio.it\\\/fr\\\/\"},{\"@type\":\"ListItem\",\"position\":2,\"name\":\"\u00c0 savoir\"}]},{\"@type\":\"WebSite\",\"@id\":\"https:\\\/\\\/ligurealassio.it\\\/fr\\\/#website\",\"url\":\"https:\\\/\\\/ligurealassio.it\\\/fr\\\/\",\"name\":\"Hotel Ligure\",\"description\":\"\",\"publisher\":{\"@id\":\"https:\\\/\\\/ligurealassio.it\\\/fr\\\/#organization\"},\"potentialAction\":[{\"@type\":\"SearchAction\",\"target\":{\"@type\":\"EntryPoint\",\"urlTemplate\":\"https:\\\/\\\/ligurealassio.it\\\/fr\\\/?s={search_term_string}\"},\"query-input\":{\"@type\":\"PropertyValueSpecification\",\"valueRequired\":true,\"valueName\":\"search_term_string\"}}],\"inLanguage\":\"fr-FR\"},{\"@type\":\"Organization\",\"@id\":\"https:\\\/\\\/ligurealassio.it\\\/fr\\\/#organization\",\"name\":\"Hotel Ligure\",\"url\":\"https:\\\/\\\/ligurealassio.it\\\/fr\\\/\",\"logo\":{\"@type\":\"ImageObject\",\"inLanguage\":\"fr-FR\",\"@id\":\"https:\\\/\\\/ligurealassio.it\\\/fr\\\/#\\\/schema\\\/logo\\\/image\\\/\",\"url\":\"\",\"contentUrl\":\"\",\"caption\":\"Hotel Ligure\"},\"image\":{\"@id\":\"https:\\\/\\\/ligurealassio.it\\\/fr\\\/#\\\/schema\\\/logo\\\/image\\\/\"},\"sameAs\":[\"https:\\\/\\\/www.facebook.com\\\/people\\\/Hotel-Ligure-Alassio-\\\/100063594339291\\\/#\",\"https:\\\/\\\/www.instagram.com\\\/hotel_ligure_alassio\\\/\",\"https:\\\/\\\/it.pinterest.com\\\/ligurealassio\\\/\"]}]}<\/script>\n<!-- \/ Yoast SEO plugin. -->","yoast_head_json":{"title":"\u00c0 savoir - Hotel Ligure","description":"a SAVOIR: informations utiles pour vos vacances : restaurant, SPA, annulations et bien d'autres d\u00e9tails poure des vacancves parfaites","robots":{"index":"index","follow":"follow","max-snippet":"max-snippet:-1","max-image-preview":"max-image-preview:large","max-video-preview":"max-video-preview:-1"},"canonical":"https:\/\/ligurealassio.it\/fr\/a-savoir\/","og_locale":"fr_FR","og_type":"article","og_title":"\u00c0 savoir - Hotel Ligure","og_description":"a SAVOIR: informations utiles pour vos vacances : restaurant, SPA, annulations et bien d'autres d\u00e9tails poure des vacancves parfaites","og_url":"https:\/\/ligurealassio.it\/fr\/a-savoir\/","og_site_name":"Hotel Ligure","article_publisher":"https:\/\/www.facebook.com\/people\/Hotel-Ligure-Alassio-\/100063594339291\/#","article_modified_time":"2025-07-28T11:05:56+00:00","og_image":[{"width":1050,"height":600,"url":"https:\/\/ligurealassio.it\/wp-content\/uploads\/2025\/07\/viabilita-da-via-cavour.jpg","type":"image\/jpeg"}],"twitter_card":"summary_large_image","twitter_misc":{"Dur\u00e9e de lecture estim\u00e9e":"6 minutes"},"schema":{"@context":"https:\/\/schema.org","@graph":[{"@type":"WebPage","@id":"https:\/\/ligurealassio.it\/fr\/a-savoir\/","url":"https:\/\/ligurealassio.it\/fr\/a-savoir\/","name":"\u00c0 savoir - Hotel Ligure","isPartOf":{"@id":"https:\/\/ligurealassio.it\/fr\/#website"},"primaryImageOfPage":{"@id":"https:\/\/ligurealassio.it\/fr\/a-savoir\/#primaryimage"},"image":{"@id":"https:\/\/ligurealassio.it\/fr\/a-savoir\/#primaryimage"},"thumbnailUrl":"https:\/\/ligurealassio.it\/wp-content\/uploads\/2025\/07\/viabilita-da-via-cavour-300x171.jpg","datePublished":"2025-05-22T06:00:31+00:00","dateModified":"2025-07-28T11:05:56+00:00","description":"a SAVOIR: informations utiles pour vos vacances : restaurant, SPA, annulations et bien d'autres d\u00e9tails poure des vacancves parfaites","breadcrumb":{"@id":"https:\/\/ligurealassio.it\/fr\/a-savoir\/#breadcrumb"},"inLanguage":"fr-FR","potentialAction":[{"@type":"ReadAction","target":["https:\/\/ligurealassio.it\/fr\/a-savoir\/"]}]},{"@type":"ImageObject","inLanguage":"fr-FR","@id":"https:\/\/ligurealassio.it\/fr\/a-savoir\/#primaryimage","url":"https:\/\/ligurealassio.it\/wp-content\/uploads\/2025\/07\/viabilita-da-via-cavour-300x171.jpg","contentUrl":"https:\/\/ligurealassio.it\/wp-content\/uploads\/2025\/07\/viabilita-da-via-cavour-300x171.jpg"},{"@type":"BreadcrumbList","@id":"https:\/\/ligurealassio.it\/fr\/a-savoir\/#breadcrumb","itemListElement":[{"@type":"ListItem","position":1,"name":"Home","item":"https:\/\/ligurealassio.it\/fr\/"},{"@type":"ListItem","position":2,"name":"\u00c0 savoir"}]},{"@type":"WebSite","@id":"https:\/\/ligurealassio.it\/fr\/#website","url":"https:\/\/ligurealassio.it\/fr\/","name":"Hotel Ligure","description":"","publisher":{"@id":"https:\/\/ligurealassio.it\/fr\/#organization"},"potentialAction":[{"@type":"SearchAction","target":{"@type":"EntryPoint","urlTemplate":"https:\/\/ligurealassio.it\/fr\/?s={search_term_string}"},"query-input":{"@type":"PropertyValueSpecification","valueRequired":true,"valueName":"search_term_string"}}],"inLanguage":"fr-FR"},{"@type":"Organization","@id":"https:\/\/ligurealassio.it\/fr\/#organization","name":"Hotel Ligure","url":"https:\/\/ligurealassio.it\/fr\/","logo":{"@type":"ImageObject","inLanguage":"fr-FR","@id":"https:\/\/ligurealassio.it\/fr\/#\/schema\/logo\/image\/","url":"","contentUrl":"","caption":"Hotel Ligure"},"image":{"@id":"https:\/\/ligurealassio.it\/fr\/#\/schema\/logo\/image\/"},"sameAs":["https:\/\/www.facebook.com\/people\/Hotel-Ligure-Alassio-\/100063594339291\/#","https:\/\/www.instagram.com\/hotel_ligure_alassio\/","https:\/\/it.pinterest.com\/ligurealassio\/"]}]}},"_links":{"self":[{"href":"https:\/\/ligurealassio.it\/fr\/wp-json\/wp\/v2\/pages\/23971","targetHints":{"allow":["GET"]}}],"collection":[{"href":"https:\/\/ligurealassio.it\/fr\/wp-json\/wp\/v2\/pages"}],"about":[{"href":"https:\/\/ligurealassio.it\/fr\/wp-json\/wp\/v2\/types\/page"}],"author":[{"embeddable":true,"href":"https:\/\/ligurealassio.it\/fr\/wp-json\/wp\/v2\/users\/1"}],"replies":[{"embeddable":true,"href":"https:\/\/ligurealassio.it\/fr\/wp-json\/wp\/v2\/comments?post=23971"}],"version-history":[{"count":14,"href":"https:\/\/ligurealassio.it\/fr\/wp-json\/wp\/v2\/pages\/23971\/revisions"}],"predecessor-version":[{"id":27345,"href":"https:\/\/ligurealassio.it\/fr\/wp-json\/wp\/v2\/pages\/23971\/revisions\/27345"}],"wp:attachment":[{"href":"https:\/\/ligurealassio.it\/fr\/wp-json\/wp\/v2\/media?parent=23971"}],"curies":[{"name":"wp","href":"https:\/\/api.w.org\/{rel}","templated":true}]}}